{"id":982,"date":"2021-03-27T07:37:55","date_gmt":"2021-03-27T06:37:55","guid":{"rendered":"https:\/\/abrams.nu\/halsa\/?page_id=982"},"modified":"2021-05-03T18:21:40","modified_gmt":"2021-05-03T17:21:40","slug":"sa-kommer-du-i-gang-med-fysisk-aktivitet","status":"publish","type":"page","link":"https:\/\/abrams.nu\/halsa\/fysisk-aktivitet\/sa-kommer-du-i-gang-med-fysisk-aktivitet\/","title":{"rendered":"S\u00e5 kommer du ig\u00e5ng"},"content":{"rendered":"<p style=\"padding-left: 40px;\"><img data-recalc-dims=\"1\" loading=\"lazy\" decoding=\"async\" class=\" wp-image-1256 alignleft\" src=\"https:\/\/i0.wp.com\/abrams.nu\/halsa\/wp-content\/uploads\/2021\/03\/woman-yoga_NK0FIGBQJM.jpg?resize=494%2C329&#038;ssl=1\" alt=\"\" width=\"494\" height=\"329\" srcset=\"https:\/\/i0.wp.com\/abrams.nu\/halsa\/wp-content\/uploads\/2021\/03\/woman-yoga_NK0FIGBQJM.jpg?resize=300%2C200&amp;ssl=1 300w, https:\/\/i0.wp.com\/abrams.nu\/halsa\/wp-content\/uploads\/2021\/03\/woman-yoga_NK0FIGBQJM.jpg?resize=768%2C512&amp;ssl=1 768w, https:\/\/i0.wp.com\/abrams.nu\/halsa\/wp-content\/uploads\/2021\/03\/woman-yoga_NK0FIGBQJM.jpg?w=960&amp;ssl=1 960w\" sizes=\"auto, (max-width: 494px) 100vw, 494px\" \/>Tanken p\u00e5 att tr\u00e4na fysiskt kan k\u00e4nnas ganska motbjudande, s\u00e4rskilt om man har \u00f6vervikt och kanske inte r\u00f6rt sig regelbundet p\u00e5 m\u00e5nga \u00e5r. Det \u00e4r m\u00e5nga som \u00e4r i det l\u00e4get. Den h\u00e4r texten riktar sig till dig som k\u00e4nner igen dig i det. Om du redan \u00e4r ig\u00e5ng med fysisk aktivitet s\u00e5 finns det nog mer passande och avancerade artiklar att l\u00e4sa om \u00e4mnet. Det jag skriver h\u00e4r g\u00e4ller fr\u00e4mst oss som inte k\u00e4nner en naturlig gl\u00e4dje i att r\u00f6ra p\u00e5 kroppen.<\/p>\n<p>Det direkta hindret f\u00f6ra att komma ig\u00e5ng brukar vara att det \u00e4r obehagligt att anstr\u00e4nga sig f\u00f6r mycket. Att vi m\u00e4nniskor vill undvika obehag \u00e4r helt basalt. H\u00e4r kommer jag att beskriva ett s\u00e4tt som du kan anv\u00e4nda f\u00f6r att komma ig\u00e5ng med tr\u00e4ning eller motion \u00e4nd\u00e5. Och h\u00e4r kommer spoilern redan fr\u00e5n b\u00f6rjan: Knepet \u00e4r n\u00e4mligen att forts\u00e4tta att g\u00f6ra just det &#8211; att undvika obehag medan man kommer i g\u00e5ng. D\u00e5 beh\u00f6vs det inte s\u00e5 mycket sj\u00e4lvdisciplin egentligen, inte mer \u00e4n vad som kr\u00e4vs f\u00f6r andra dagliga val som vi g\u00f6r. Det r\u00e4cker att du tycker att det \u00e4r n\u00e5got du vill g\u00f6ra och \u00e4r beredd att l\u00e4gga lite tid p\u00e5.<\/p>\n<h3>T\u00e4nka r\u00e4tt p\u00e5 fysisk aktivitet<\/h3>\n<p>Ett stort problem \u00e4r att vi i b\u00e5de t\u00e4nkande och tal om fysisk aktivitet hela tiden anv\u00e4nder ord associerar det med h\u00f6jda prestioner, j\u00e4mf\u00f6relse och t\u00e4vling. Inte att man kan se det som t\u00e4vling om man vill, utan att vi saknar ord f\u00f6r att tala om det p\u00e5 n\u00e5got annat s\u00e4tt. Tr\u00e4ning &#8211; t\u00e4vling &#8211; seger \u00e4r de metaforer som impregnerar hela spr\u00e5kbruket. Det g\u00f6r att det \u00e4r sv\u00e5rt att ens t\u00e4nka p\u00e5 fysisik aktivitet utan att automatiskt t\u00e4nka att man sj\u00e4lvklart ska bli b\u00e4ttre efter hand och att m\u00e5let \u00e4r att j\u00e4mf\u00f6ra olika personer eller att j\u00e4mf\u00f6ra sig med sig sj\u00e4lv \u00f6ver tid. Vi t\u00e4nker allts\u00e5 automatiskt att det \u00e4r en t\u00e4vling, det som man g\u00f6r inom det som kallar idrott.<\/p>\n<p>Det h\u00e4r \u00e4r inget problem f\u00f6r den som triggas av tanken p\u00e5 prestation, f\u00f6rb\u00e4ttring och t\u00e4vling och som dessutom har en kropp som \u00e4r med p\u00e5 noterna. D\u00e5 k\u00e4nner man igen sig i spr\u00e5kbruket och inspireras f\u00f6rmodligen av det. Har man kroppsliga f\u00f6ruts\u00e4ttningar f\u00f6r att f\u00e5 bra resultat s\u00e5 kommer man att g\u00f6ra bra i fr\u00e5n sig och f\u00e5 positiv \u00e5terkoppling fr\u00e5n andra &#8211; och d\u00e5 blir det \u00e4nnu roligare.<br \/>\nAndra har kanske \u00e4nda sen skolgymnastiken mest upplevt negativ respons fr\u00e5n b\u00e5de kroppen och fr\u00e5n andra m\u00e4nniskor n\u00e4r det g\u00e4ller fysisika prestationer. Blir man t ex alltid vald som en av de sista n\u00e4r man ska v\u00e4lja lag s\u00e5 \u00e4r det inte lika roligt.<\/p>\n<h3>Hur man kommer i g\u00e5ng<\/h3>\n<p>Oavsett hur det g\u00e5tt till n\u00e4r man slutat med fysisk aktivitet, eller om man adrig h\u00e5llit p\u00e5 med det, s\u00e5 finns det s\u00e4tt att komma i g\u00e5ng och som inte beh\u00f6ver vara pl\u00e5gsamma. Pl\u00e5gsamt blir det bara om man g\u00f6r det till det. Det finns dock n\u00e5gon sorts &#8220;prestationsreflex&#8221; som \u00e4r inbyggd i oss och som brukar st\u00e4lla till det s\u00e5 fort man f\u00f6rs\u00f6ker. Om man inte aktivt motverkar den s\u00e5 kommer man sj\u00e4lv automatiskt att g\u00f6ra sina tr\u00e4ningsf\u00f6rs\u00f6k till v\u00e4ldigt jobbiga upplevelser.<\/p>\n<p>F\u00f6r att f\u00f6rst\u00e5 hur det kan g\u00e5 till att komma ig\u00e5ng s\u00e5 r\u00e4cker det l\u00e5ngt med basal psykologi om hur beteenden uppst\u00e5r och vidmakth\u00e5lls. Det sker i huvudsak via tv\u00e5 mekanismer:<\/p>\n<ul style=\"list-style-type: square;\">\n<li>Vi tenderar att upprepa beteenden som vi upplever som <em>bel\u00f6nande<\/em>. Inte att n\u00e5gon ger oss en s\u00e4rskild bel\u00f6ning, utan att vi sj\u00e4lva uppfattar att beteendet gav ett resultat som var \u00f6nskv\u00e4rt f\u00f6r oss &#8211; som en sorts bel\u00f6ning. Man g\u00f6r mer av det man lyckas med helt enkelt. Man s\u00e4ger att beteendet blir f\u00f6rst\u00e4rkt och sannolikheten f\u00f6r upprepning \u00f6kar. Detta kallas f\u00f6r <a href=\"https:\/\/sv.wikipedia.org\/wiki\/Operant_betingning\" target=\"_blank\" rel=\"noopener\">operant betingning<\/a> (instrumentell inl\u00e4rning).<em><br \/>\n<\/em><span style=\"color: #ffffff;\">a<\/span><\/li>\n<li>Vi <em>associerar<\/em> ett stimulus med n\u00e5gonting annat, n\u00e5got positivt eller negativt, och att detta andra blir avg\u00f6rande f\u00f6r om det f\u00f6rsta upplevs som positivt eller negativt. Det \u00e4r allts\u00e5 det som ett beteende <em>blir associerat med<\/em> som avg\u00f6r om beteende upprepas. Urexemplet p\u00e5 klassisk betingning \u00e4r <a href=\"https:\/\/sv.wikipedia.org\/wiki\/Pavlovs_hundar\" target=\"_blank\" rel=\"noopener\">Pavlovs hundar<\/a>, som fick mat n\u00e4r man ringde i en klocka. Efter ett antal g\u00e5nger s\u00e5 kom att b\u00f6rja dregla s\u00e5 fort de h\u00f6rde ringklockan &#8211; \u00e4ven om det inte fick n\u00e5gon mat. De reagerade p\u00e5 den associerade ringklackans ljud p\u00e5 samma s\u00e4tt som p\u00e5 maten, vilket kallas f\u00f6r <em><a href=\"https:\/\/sv.wikipedia.org\/wiki\/Klassisk_betingning\" target=\"_blank\" rel=\"noopener\">klassisk betingning<\/a>.<\/em><\/li>\n<\/ul>\n<p>De h\u00e4r tv\u00e5 enkla mekanismerna f\u00f6rklarar v\u00e4ldigt mycket &#8211; enkel direktinl\u00e4rning och inl\u00e4rning med hj\u00e4lp av association. M\u00f6nstren blir f\u00f6rst\u00e5s mer komplicerade d\u00e5 det g\u00e4ller sammansatta beteenden, men samma grundprinciper g\u00e4ller \u00e4nd\u00e5. Inl\u00e4rning f\u00f6rklarar inte allt m\u00e4nskligt beteende, men tillr\u00e4ckligt mycket f\u00f6r att vara hj\u00e4lpsamt.<\/p>\n<h3>Stegen &#8211; f\u00f6rslag p\u00e5 hur du kan g\u00f6ra<\/h3>\n<ul style=\"list-style-type: square;\">\n<li><em>Utse en motions- eller tr\u00e4ningsform<\/em> som du skulle kunna t\u00e4nka dig att b\u00f6rja med. Den b\u00f6r vara l\u00e4ttillg\u00e4nglig och genomf\u00f6rbar rent praktiskt. Jag tar vanlig gymtr\u00e4ning som exempel i det f\u00f6ljande.<br \/>\n<span style=\"color: #ffffff;\">a<\/span><\/li>\n<li><em>B\u00f6rja med att helt enkelt g\u00e5 dit. <\/em>Det \u00e4r den f\u00f6rsta och enda uppgiften &#8211; att bekanta dig med att vistas i lokalen. G\u00f6r inget jobbigt till att b\u00f6rja med. Undvik till varje pris att det blir en negativ erfarenhet f\u00f6r det \u00e4r det f\u00f6rsta steget mot misslyckande. G\u00e5 till gr\u00e4nsen f\u00f6r det jobbiga, men inte \u00f6ver den. Stoppa n\u00e4r det b\u00f6rjar bli pl\u00e5gsamt.<br \/>\n<span style=\"color: #ffffff;\">a<\/span><\/li>\n<li>G\u00e5 dit det<em> regelbundet<\/em>. Forts\u00e4tt med att bara g\u00f6ra s\u00e5nt som inte skapar obehag i kroppen. I den h\u00e4r fasen spelar det <em>ingen roll<\/em> vilken tr\u00e4ning dina muskler f\u00e5r, det handlar bara om att g\u00e5 dit regelbundet. Uppgiften \u00e4r att komma \u00f6ver motst\u00e5ndet mot att vistas i en s\u00e5n lokal \u00f6verhuvudtaget med allt vad det \u00e4r f\u00f6rknippat med f\u00f6r dig i din fantasi.<\/li>\n<\/ul>\n<p>Bes\u00f6ken i tr\u00e4ningslokalen kommer efter hand att\u00a0bli f\u00f6rknippade med n\u00e5got som \u00e4r neutralt eller svagt positivt, inte med det negativa du vanligtvis f\u00f6rest\u00e4ller dig. Det \u00e4r klassisk betingning som du utf\u00f6r p\u00e5 dig sj\u00e4lv \u2013 du laddar gymmet med, neutrala och svagt positiva associationer. Efter n\u00e5gra g\u00e5nger s\u00e5 kommer du att associera gymmet med den seger det inneb\u00e4ratt du faktiskt g\u00e5r dit \u00f6verhuvudtaget. Notera att \u00e4n s\u00e5 l\u00e4nge, trots att du kanske g\u00e5tt dit fem g\u00e5nger p\u00e5 tv\u00e5 veckor, s\u00e5 har du inte gjort n\u00e5gonting anstr\u00e4ngande med kroppen \u00e4nnu. Om ett bes\u00f6k bara inneb\u00e4r att du tar en kopp automatkaffe d\u00e4r s\u00e5 \u00e4r det helt okej.<\/p>\n<h3><strong>Om det inte funkar<\/strong><\/h3>\n<p>Om du inte klarar at ta dig dit en eller tv\u00e5 g\u00e5nger i veckan trots att tiden finns, det s\u00e5 kan problemet vara att du g\u00f6r det f\u00f6r jobbigt f\u00f6r dig och b\u00f6rjar t\u00e4vla med dig sj\u00e4lv f\u00f6r att prestera. Det \u00e4r<img data-recalc-dims=\"1\" loading=\"lazy\" decoding=\"async\" class=\" wp-image-1253 alignright\" src=\"https:\/\/i0.wp.com\/abrams.nu\/halsa\/wp-content\/uploads\/2021\/03\/Jamfor-inte.jpg?resize=383%2C309&#038;ssl=1\" alt=\"\" width=\"383\" height=\"309\" srcset=\"https:\/\/i0.wp.com\/abrams.nu\/halsa\/wp-content\/uploads\/2021\/03\/Jamfor-inte.jpg?resize=300%2C242&amp;ssl=1 300w, https:\/\/i0.wp.com\/abrams.nu\/halsa\/wp-content\/uploads\/2021\/03\/Jamfor-inte.jpg?w=514&amp;ssl=1 514w\" sizes=\"auto, (max-width: 383px) 100vw, 383px\" \/> oerh\u00f6rt l\u00e4tt h\u00e4nt. Det har genom \u00e5ren h\u00e4nt mig fler g\u00e5nger \u00e4n jag kan r\u00e4kna. Man r\u00e4knar, tar tid eller hittar n\u00e5got annat s\u00e4tt att j\u00e4mf\u00f6ra den ena med det andra.<br \/>\nS\u00e5 <em>j\u00e4mf\u00f6r inte<\/em>. J\u00e4mf\u00f6r inte n\u00e5gonting med n\u00e5got annat \u00f6verhuvudtaget.\u00a0 Det \u00e4r f\u00f6r tidigt f\u00f6r det. Det kommer kanske senare. M\u00f6jligtvis kommer det inte alls.<\/p>\n<p>N\u00e4r jag sj\u00e4lv b\u00f6rjade tr\u00e4na s\u00e5 b\u00f6rjade jag med att enbart g\u00e5 till tr\u00e4ningsst\u00e4llet. Att \u00f6verhuvudtaget g\u00e5 dit var m\u00e5let. Jag t\u00e4nkte att om jag n\u00f6jer mig med att titta p\u00e5 lokalen och testa n\u00e5gra \u00f6vnngar d\u00e4r s\u00e5 \u00e4r det ett okej resultat. T\u00e4nker man s\u00e5 s\u00e5 \u00e4r det inte sv\u00e5rt att g\u00e5 dit, det klarar man av. I praktiken gick det dock b\u00e4ttre \u00e4n s\u00e5. Jag uts\u00e5g ett antal tr\u00e4ningsmaskiner och\u00a0 gjorde 10 repetitioner p\u00e5 dem i tur och ordning varje g\u00e5ng. Det var med l\u00e5ga vikter och f\u00e5 repetitioner, s\u00e5 det var inte o\u00f6verstigligt att forts\u00e4tta med.<\/p>\n<p>Efter 15-20 g\u00e5nger s\u00e5 b\u00f6rjade jag m\u00e4rka att det \u00e4nd\u00e5 b\u00f6rjade g\u00e5 l\u00e4ttare, utan att det var n\u00e5got jag f\u00f6rs\u00f6kt uppn\u00e5. D\u00e5 fattade jag ett beslut: Att forts\u00e4tta ytterligare 15-20 g\u00e5nger <strong>utan att \u00f6ka<\/strong> vare sig vikter eller antal repetitioner. F\u00f6r det \u00e4r n\u00e4mligen s\u00e5 det m\u00e5ste g\u00e5 till om man avskyr att tr\u00e4na. Man m\u00e5ste l\u00e5ta bli att pressa sig s\u00e5 att aktiviteten blir en negativ upplevelse. Det \u00e4r prioritet ett; annars kommer man inte att vilja forts\u00e4tta.<\/p>\n<p>M\u00e5let i det l\u00e4get var inte att tr\u00e4na muskler utan att bli v\u00e4n med sj\u00e4lva aktiviteten. Aktiviteten \u00e4r allts\u00e5 att ta sig till gymlokalen regelbundet och g\u00f6ra n\u00e5got d\u00e4r &#8211; inte n\u00f6dv\u00e4ndigtvis att tr\u00e4na muskler, f\u00f6r det \u00e4r inte det som \u00e4r den f\u00f6rsta uppgiften att utr\u00e4tta. Man beh\u00f6ver med andra ord ha klart f\u00f6r sig vad det \u00e4r man g\u00f6r. Om man f\u00f6rs\u00f6ker att tr\u00e4na f\u00f6r att bli b\u00e4ttre innan det blivit till n\u00e5got man tycker om att g\u00f6ra s\u00e5 \u00e4r risken stor att det blir pannkaka. Jag gissar att just det \u00e4r en av de vanligaste anledningarna till att man inte orkar forts\u00e4tta med tr\u00e4ning &#8211; det \u00e4r helt enkelt inget kul.<\/p>\n<p>Jag till\u00e4mpar fortfarande samma principer \u00e4ven om jag numera tycker om att r\u00f6ra p\u00e5 mig och antingen tr\u00e4nar eller arbetar fysisk minst fem eller sex dar i veckan. N\u00e4r jag \u00e5ker till motionssp\u00e5ret och k\u00e4nner mig tr\u00f6tt redan fr\u00e5n b\u00f6rjan s\u00e5 t\u00e4nker jag inte att &#8220;nu ska jag springa fem km&#8221;. Jag t\u00e4nkter att jag kanske v\u00e4ljer att g\u00e5 tv\u00e5 km i st\u00e4llet &#8211; det f\u00e5r visa sig. Det h\u00e4nder vid enstaka tillf\u00e4llen att det bara blir en v\u00e4ldigt kort runda, men det \u00e4r gansk s\u00e4llan. Det visar sig n\u00e4mligen att n\u00e4r man v\u00e4l \u00e4r ombytt och p\u00e5 plats s\u00e5 har man redan \u00f6vervunnit det mesta av det motst\u00e5nd man kan k\u00e4nna. Jag brukar t\u00e4nka att min uppgift \u00e4r att byta om och ta mig till tr\u00e4ningsst\u00e4llet, och sen f\u00e5r vi se.<\/p>\n<p>Det finns mycket intressant och viktigt man kan s\u00e4ga om fysisk aktivitet, s\u00e5 det blir n\u00e5gra texter till. Men det jag har beskrivit h\u00e4r \u00e4r n\u00e5got av det viktigaste f\u00f6r att komma ig\u00e5ng om man &#8211; som jag sj\u00e4lv &#8211; inte har\/haft en positiv inst\u00e4llning till att r\u00f6ra p\u00e5 kroppen.<\/p>\n<h3>Sammanfattning<\/h3>\n<ul style=\"list-style-type: square;\">\n<li>De vanliga tr\u00e4ningss\u00e4tten, inklusive de ord vi anv\u00e4nder om dem, f\u00f6ruts\u00e4tter att man tr\u00e4nar f\u00f6r att h\u00f6ja sin prestation, g\u00f6ra j\u00e4mf\u00f6relser, t\u00e4vla och vinna.<br \/>\n<span style=\"color: #ffffff;\">a<\/span><\/li>\n<li>T\u00e4vlingsid\u00e9n (metaforen, spr\u00e5kbruket) passar vissa personer men \u00e4r fel f\u00f6r andra, d\u00e5 det i praktiken enbart leder till att man inte r\u00f6r p\u00e5 sig alls.<br \/>\n<span style=\"color: #ffffff;\">a<\/span><\/li>\n<li>Tillh\u00f6r man den senare gruppen s\u00e5 beh\u00f6ver man undvika obehagliga upplevelser och associationer medan man etablerar aktivitetsvanor.<br \/>\n<span style=\"color: #ffffff;\">a<\/span><\/li>\n<li>Om du tillh\u00f6r grupp nr 2: T\u00e4vla inte mot andra. <em>T\u00e4vla inte heller med dig sj\u00e4lv<\/em>. L\u00e4mna t\u00e4vlandet till dem som tyckar att det \u00e4r roligt att t\u00e4vla.<br \/>\n<span style=\"color: #ffffff;\">a<\/span><\/li>\n<li>G\u00f6r p\u00e5 ditt eget s\u00e4tt. Var inte r\u00e4dd f\u00f6r vad andra kan tycka om att du inte \u00e4r presttionsinriktad.<br \/>\n<span style=\"color: #ffffff;\">a<\/span><\/li>\n<li>S\u00e5 sm\u00e5ningom kan du mycket v\u00e4l uppt\u00e4cka att n\u00e4r du f\u00e5r best\u00e4mma villkoren sj\u00e4lv s\u00e5 kanske ett visst m\u00e5tt av t\u00e4vling \u00e4nd\u00e5 \u00e4r roligt.<\/li>\n<\/ul>\n","protected":false},"excerpt":{"rendered":"<p>Tanken p\u00e5 att tr\u00e4na fysiskt kan k\u00e4nnas ganska motbjudande, s\u00e4rskilt om man har \u00f6vervikt och kanske inte r\u00f6rt sig regelbundet p\u00e5 m\u00e5nga \u00e5r. Det \u00e4r m\u00e5nga som \u00e4r i det l\u00e4get. Den h\u00e4r texten riktar sig till dig som k\u00e4nner<\/p>\n","protected":false},"author":1,"featured_media":1256,"parent":1503,"menu_order":0,"comment_status":"closed","ping_status":"closed","template":"","meta":{"nf_dc_page":"","om_disable_all_campaigns":false,"footnotes":""},"class_list":["post-982","page","type-page","status-publish","has-post-thumbnail","hentry"],"jetpack_sharing_enabled":true,"_links":{"self":[{"href":"https:\/\/abrams.nu\/halsa\/wp-json\/wp\/v2\/pages\/982","targetHints":{"allow":["GET"]}}],"collection":[{"href":"https:\/\/abrams.nu\/halsa\/wp-json\/wp\/v2\/pages"}],"about":[{"href":"https:\/\/abrams.nu\/halsa\/wp-json\/wp\/v2\/types\/page"}],"author":[{"embeddable":true,"href":"https:\/\/abrams.nu\/halsa\/wp-json\/wp\/v2\/users\/1"}],"replies":[{"embeddable":true,"href":"https:\/\/abrams.nu\/halsa\/wp-json\/wp\/v2\/comments?post=982"}],"version-history":[{"count":6,"href":"https:\/\/abrams.nu\/halsa\/wp-json\/wp\/v2\/pages\/982\/revisions"}],"predecessor-version":[{"id":1506,"href":"https:\/\/abrams.nu\/halsa\/wp-json\/wp\/v2\/pages\/982\/revisions\/1506"}],"up":[{"embeddable":true,"href":"https:\/\/abrams.nu\/halsa\/wp-json\/wp\/v2\/pages\/1503"}],"wp:featuredmedia":[{"embeddable":true,"href":"https:\/\/abrams.nu\/halsa\/wp-json\/wp\/v2\/media\/1256"}],"wp:attachment":[{"href":"https:\/\/abrams.nu\/halsa\/wp-json\/wp\/v2\/media?parent=982"}],"curies":[{"name":"wp","href":"https:\/\/api.w.org\/{rel}","templated":true}]}}