{"id":7,"date":"2020-04-06T11:27:16","date_gmt":"2020-04-06T11:27:16","guid":{"rendered":"https:\/\/abrams.nu\/halsa\/?page_id=7"},"modified":"2021-03-04T09:23:54","modified_gmt":"2021-03-04T08:23:54","slug":"about","status":"publish","type":"page","link":"https:\/\/abrams.nu\/halsa\/about\/","title":{"rendered":"Om mig"},"content":{"rendered":"\r\n<div class=\"wp-block-image\">\r\n<figure class=\"alignleft size-large is-resized\"><img data-recalc-dims=\"1\" loading=\"lazy\" decoding=\"async\" class=\"wp-image-108\" src=\"https:\/\/i0.wp.com\/abrams.nu\/halsa\/wp-content\/uploads\/2021\/02\/84354365_10218169939494626_7035006343215841280_o-1.jpg?resize=223%2C348&#038;ssl=1\" alt=\"\" width=\"223\" height=\"348\" srcset=\"https:\/\/i0.wp.com\/abrams.nu\/halsa\/wp-content\/uploads\/2021\/02\/84354365_10218169939494626_7035006343215841280_o-1.jpg?resize=657%2C1024&amp;ssl=1 657w, https:\/\/i0.wp.com\/abrams.nu\/halsa\/wp-content\/uploads\/2021\/02\/84354365_10218169939494626_7035006343215841280_o-1.jpg?resize=192%2C300&amp;ssl=1 192w, https:\/\/i0.wp.com\/abrams.nu\/halsa\/wp-content\/uploads\/2021\/02\/84354365_10218169939494626_7035006343215841280_o-1.jpg?w=719&amp;ssl=1 719w\" sizes=\"auto, (max-width: 223px) 100vw, 223px\" \/><\/figure>\r\n<\/div>\r\n\r\n\r\n\r\n<p>Daniel Abrams heter jag.\u00a0Till utbildningen \u00e4r jag psykolog och har arbetat med utbildning och forskningsfr\u00e5gor inom psykiatri de senaste 20 \u00e5ren. Jag \u00e4r doktorand och har utbildat p\u00e5 psykologprogrammet (GU) under ett antal \u00e5r, arbetat med <span style=\"text-decoration: underline;\"><a href=\"https:\/\/www.researchgate.net\/publication\/238694602_Boendeformer_och_boendeinsatser_for_personer_med_psykiska_funktionshinder\" target=\"_blank\" rel=\"noopener\">kunskaps\u00f6versikter<\/a><\/span> vid Socialstyrelsen och \u00e4r \u00e4ven medf\u00f6rfattare till en publicerad <span style=\"text-decoration: underline;\"><a href=\"https:\/\/pubmed.ncbi.nlm.nih.gov\/30979666\/\" target=\"_blank\" rel=\"noopener\">interventionsstudie om kroppsh\u00e4lsa och vikt<\/a><\/span> f\u00f6r psykiatrins patienter och har skrivit ett <a href=\"https:\/\/www.studentlitteratur.se\/kurslitteratur\/socialt-arbete-och-social-omsorg\/social-omsorg\/psykiska-funktionshinder\" target=\"_blank\" rel=\"noopener\">bokkapitel<\/a> om kognitiva funktionsneds\u00e4ttningar i en bok som utg\u00f6r kurslitteratur p\u00e5 flera universitetsutbildningar. Jag har ocks\u00e5 en verksamhet som f\u00f6rel\u00e4sare och utbildare med regelbundna arrangemang runt om i landet. Den hittar man p\u00e5 <span style=\"text-decoration: underline;\">abrams.nu<\/span><\/p>\r\n\r\n\r\n\r\n<p>Mer om min bakgrund finns att l\u00e4sa p\u00e5 <a href=\"http:\/\/abrams.nu\/om-mig\">om-mig-sidan<\/a> p\u00e5 adressen <a href=\"http:\/\/abrams.nu\">abrams.nu<\/a> som handlar om psykiatriska utbildningar och andra insatser.<\/p>\r\n\r\n\r\n\r\n<p>Vill du komma i kontakt med mig s\u00e5 \u00e4r det l\u00e4ttaste s\u00e4ttet at maila mig p\u00e5 <a href=\"mailto:daniel@abrams.nu\">daniel@abrams.nu<\/a><\/p>\r\n\r\n\r\n\r\n<p>&nbsp;<\/p>\r\n","protected":false},"excerpt":{"rendered":"<p>Daniel Abrams heter jag.\u00a0Till utbildningen \u00e4r jag psykolog och har arbetat med utbildning och forskningsfr\u00e5gor inom psykiatri de senaste 20 \u00e5ren. Jag \u00e4r doktorand och har utbildat p\u00e5 psykologprogrammet (GU) under ett antal \u00e5r, arbetat med kunskaps\u00f6versikter vid Socialstyrelsen och<\/p>\n","protected":false},"author":1,"featured_media":0,"parent":0,"menu_order":0,"comment_status":"closed","ping_status":"closed","template":"","meta":{"nf_dc_page":"","om_disable_all_campaigns":false,"footnotes":""},"class_list":["post-7","page","type-page","status-publish","hentry"],"jetpack_sharing_enabled":true,"_links":{"self":[{"href":"https:\/\/abrams.nu\/halsa\/wp-json\/wp\/v2\/pages\/7","targetHints":{"allow":["GET"]}}],"collection":[{"href":"https:\/\/abrams.nu\/halsa\/wp-json\/wp\/v2\/pages"}],"about":[{"href":"https:\/\/abrams.nu\/halsa\/wp-json\/wp\/v2\/types\/page"}],"author":[{"embeddable":true,"href":"https:\/\/abrams.nu\/halsa\/wp-json\/wp\/v2\/users\/1"}],"replies":[{"embeddable":true,"href":"https:\/\/abrams.nu\/halsa\/wp-json\/wp\/v2\/comments?post=7"}],"version-history":[{"count":5,"href":"https:\/\/abrams.nu\/halsa\/wp-json\/wp\/v2\/pages\/7\/revisions"}],"predecessor-version":[{"id":730,"href":"https:\/\/abrams.nu\/halsa\/wp-json\/wp\/v2\/pages\/7\/revisions\/730"}],"wp:attachment":[{"href":"https:\/\/abrams.nu\/halsa\/wp-json\/wp\/v2\/media?parent=7"}],"curies":[{"name":"wp","href":"https:\/\/api.w.org\/{rel}","templated":true}]}}