{"id":376,"date":"2021-02-19T21:45:55","date_gmt":"2021-02-19T20:45:55","guid":{"rendered":"https:\/\/abrams.nu\/halsa\/?page_id=376"},"modified":"2021-02-19T21:54:18","modified_gmt":"2021-02-19T20:54:18","slug":"skrackgalleri","status":"publish","type":"page","link":"https:\/\/abrams.nu\/halsa\/skrackgalleri\/","title":{"rendered":"Skr\u00e4ckgalleri"},"content":{"rendered":"\n<figure class=\"wp-block-gallery columns-3 is-cropped wp-block-gallery-1 is-layout-flex wp-block-gallery-is-layout-flex\"><ul class=\"blocks-gallery-grid\"><li class=\"blocks-gallery-item\"><figure><img data-recalc-dims=\"1\" loading=\"lazy\" decoding=\"async\" width=\"750\" height=\"1000\" src=\"https:\/\/i0.wp.com\/abrams.nu\/halsa\/wp-content\/uploads\/2021\/02\/51249708_10215477256699239_2549392342368911360_o-2.jpg?resize=750%2C1000&#038;ssl=1\" alt=\"\" data-id=\"377\" data-link=\"https:\/\/abrams.nu\/halsa\/?attachment_id=377\" class=\"wp-image-377\" srcset=\"https:\/\/i0.wp.com\/abrams.nu\/halsa\/wp-content\/uploads\/2021\/02\/51249708_10215477256699239_2549392342368911360_o-2.jpg?resize=768%2C1024&amp;ssl=1 768w, https:\/\/i0.wp.com\/abrams.nu\/halsa\/wp-content\/uploads\/2021\/02\/51249708_10215477256699239_2549392342368911360_o-2.jpg?resize=225%2C300&amp;ssl=1 225w, https:\/\/i0.wp.com\/abrams.nu\/halsa\/wp-content\/uploads\/2021\/02\/51249708_10215477256699239_2549392342368911360_o-2.jpg?resize=1152%2C1536&amp;ssl=1 1152w, https:\/\/i0.wp.com\/abrams.nu\/halsa\/wp-content\/uploads\/2021\/02\/51249708_10215477256699239_2549392342368911360_o-2.jpg?w=1536&amp;ssl=1 1536w\" sizes=\"auto, (max-width: 750px) 100vw, 750px\" \/><\/figure><\/li><li class=\"blocks-gallery-item\"><figure><img data-recalc-dims=\"1\" loading=\"lazy\" decoding=\"async\" width=\"473\" height=\"1024\" src=\"https:\/\/i0.wp.com\/abrams.nu\/halsa\/wp-content\/uploads\/2021\/02\/151754231_174586294197980_2345973226787235918_n.jpg?resize=473%2C1024&#038;ssl=1\" alt=\"\" data-id=\"378\" data-link=\"https:\/\/abrams.nu\/halsa\/?attachment_id=378\" class=\"wp-image-378\" srcset=\"https:\/\/i0.wp.com\/abrams.nu\/halsa\/wp-content\/uploads\/2021\/02\/151754231_174586294197980_2345973226787235918_n.jpg?resize=473%2C1024&amp;ssl=1 473w, https:\/\/i0.wp.com\/abrams.nu\/halsa\/wp-content\/uploads\/2021\/02\/151754231_174586294197980_2345973226787235918_n.jpg?resize=139%2C300&amp;ssl=1 139w, https:\/\/i0.wp.com\/abrams.nu\/halsa\/wp-content\/uploads\/2021\/02\/151754231_174586294197980_2345973226787235918_n.jpg?resize=768%2C1663&amp;ssl=1 768w, https:\/\/i0.wp.com\/abrams.nu\/halsa\/wp-content\/uploads\/2021\/02\/151754231_174586294197980_2345973226787235918_n.jpg?resize=710%2C1536&amp;ssl=1 710w, https:\/\/i0.wp.com\/abrams.nu\/halsa\/wp-content\/uploads\/2021\/02\/151754231_174586294197980_2345973226787235918_n.jpg?w=946&amp;ssl=1 946w\" sizes=\"auto, (max-width: 473px) 100vw, 473px\" \/><\/figure><\/li><li class=\"blocks-gallery-item\"><figure><img data-recalc-dims=\"1\" loading=\"lazy\" decoding=\"async\" width=\"473\" height=\"1024\" src=\"https:\/\/i0.wp.com\/abrams.nu\/halsa\/wp-content\/uploads\/2021\/02\/146876804_238322511299946_1557280254989016347_n-1.jpg?resize=473%2C1024&#038;ssl=1\" alt=\"\" data-id=\"379\" data-link=\"https:\/\/abrams.nu\/halsa\/?attachment_id=379\" class=\"wp-image-379\" srcset=\"https:\/\/i0.wp.com\/abrams.nu\/halsa\/wp-content\/uploads\/2021\/02\/146876804_238322511299946_1557280254989016347_n-1.jpg?resize=473%2C1024&amp;ssl=1 473w, https:\/\/i0.wp.com\/abrams.nu\/halsa\/wp-content\/uploads\/2021\/02\/146876804_238322511299946_1557280254989016347_n-1.jpg?resize=139%2C300&amp;ssl=1 139w, https:\/\/i0.wp.com\/abrams.nu\/halsa\/wp-content\/uploads\/2021\/02\/146876804_238322511299946_1557280254989016347_n-1.jpg?resize=768%2C1663&amp;ssl=1 768w, https:\/\/i0.wp.com\/abrams.nu\/halsa\/wp-content\/uploads\/2021\/02\/146876804_238322511299946_1557280254989016347_n-1.jpg?resize=710%2C1536&amp;ssl=1 710w, https:\/\/i0.wp.com\/abrams.nu\/halsa\/wp-content\/uploads\/2021\/02\/146876804_238322511299946_1557280254989016347_n-1.jpg?w=946&amp;ssl=1 946w\" sizes=\"auto, (max-width: 473px) 100vw, 473px\" \/><\/figure><\/li><li class=\"blocks-gallery-item\"><figure><img data-recalc-dims=\"1\" loading=\"lazy\" decoding=\"async\" width=\"750\" height=\"1000\" src=\"https:\/\/i0.wp.com\/abrams.nu\/halsa\/wp-content\/uploads\/2021\/02\/147429570_235772858121809_3550852484280478618_n-1.jpg?resize=750%2C1000&#038;ssl=1\" alt=\"\" data-id=\"380\" data-link=\"https:\/\/abrams.nu\/halsa\/?attachment_id=380\" class=\"wp-image-380\" srcset=\"https:\/\/i0.wp.com\/abrams.nu\/halsa\/wp-content\/uploads\/2021\/02\/147429570_235772858121809_3550852484280478618_n-1.jpg?resize=768%2C1024&amp;ssl=1 768w, https:\/\/i0.wp.com\/abrams.nu\/halsa\/wp-content\/uploads\/2021\/02\/147429570_235772858121809_3550852484280478618_n-1.jpg?resize=225%2C300&amp;ssl=1 225w, https:\/\/i0.wp.com\/abrams.nu\/halsa\/wp-content\/uploads\/2021\/02\/147429570_235772858121809_3550852484280478618_n-1.jpg?resize=1152%2C1536&amp;ssl=1 1152w, https:\/\/i0.wp.com\/abrams.nu\/halsa\/wp-content\/uploads\/2021\/02\/147429570_235772858121809_3550852484280478618_n-1.jpg?w=1536&amp;ssl=1 1536w\" sizes=\"auto, (max-width: 750px) 100vw, 750px\" \/><\/figure><\/li><li class=\"blocks-gallery-item\"><figure><img data-recalc-dims=\"1\" loading=\"lazy\" decoding=\"async\" width=\"750\" height=\"739\" src=\"https:\/\/i0.wp.com\/abrams.nu\/halsa\/wp-content\/uploads\/2021\/02\/19441810_10211029489427837_8419419243350885834_o-1.jpg?resize=750%2C739&#038;ssl=1\" alt=\"\" data-id=\"381\" data-link=\"https:\/\/abrams.nu\/halsa\/?attachment_id=381\" class=\"wp-image-381\" srcset=\"https:\/\/i0.wp.com\/abrams.nu\/halsa\/wp-content\/uploads\/2021\/02\/19441810_10211029489427837_8419419243350885834_o-1.jpg?resize=1024%2C1009&amp;ssl=1 1024w, https:\/\/i0.wp.com\/abrams.nu\/halsa\/wp-content\/uploads\/2021\/02\/19441810_10211029489427837_8419419243350885834_o-1.jpg?resize=300%2C296&amp;ssl=1 300w, https:\/\/i0.wp.com\/abrams.nu\/halsa\/wp-content\/uploads\/2021\/02\/19441810_10211029489427837_8419419243350885834_o-1.jpg?resize=768%2C757&amp;ssl=1 768w, https:\/\/i0.wp.com\/abrams.nu\/halsa\/wp-content\/uploads\/2021\/02\/19441810_10211029489427837_8419419243350885834_o-1.jpg?w=1079&amp;ssl=1 1079w\" sizes=\"auto, (max-width: 750px) 100vw, 750px\" \/><\/figure><\/li><li class=\"blocks-gallery-item\"><figure><img data-recalc-dims=\"1\" loading=\"lazy\" decoding=\"async\" width=\"750\" height=\"740\" src=\"https:\/\/i0.wp.com\/abrams.nu\/halsa\/wp-content\/uploads\/2021\/02\/17546667_10210218046062260_832768737006174421_o-1.jpg?resize=750%2C740&#038;ssl=1\" alt=\"\" data-id=\"382\" data-link=\"https:\/\/abrams.nu\/halsa\/?attachment_id=382\" class=\"wp-image-382\" srcset=\"https:\/\/i0.wp.com\/abrams.nu\/halsa\/wp-content\/uploads\/2021\/02\/17546667_10210218046062260_832768737006174421_o-1.jpg?resize=1024%2C1011&amp;ssl=1 1024w, https:\/\/i0.wp.com\/abrams.nu\/halsa\/wp-content\/uploads\/2021\/02\/17546667_10210218046062260_832768737006174421_o-1.jpg?resize=300%2C296&amp;ssl=1 300w, https:\/\/i0.wp.com\/abrams.nu\/halsa\/wp-content\/uploads\/2021\/02\/17546667_10210218046062260_832768737006174421_o-1.jpg?resize=768%2C758&amp;ssl=1 768w, https:\/\/i0.wp.com\/abrams.nu\/halsa\/wp-content\/uploads\/2021\/02\/17546667_10210218046062260_832768737006174421_o-1.jpg?w=1079&amp;ssl=1 1079w\" sizes=\"auto, (max-width: 750px) 100vw, 750px\" \/><\/figure><\/li><li class=\"blocks-gallery-item\"><figure><img data-recalc-dims=\"1\" loading=\"lazy\" decoding=\"async\" width=\"657\" height=\"1024\" src=\"https:\/\/i0.wp.com\/abrams.nu\/halsa\/wp-content\/uploads\/2021\/02\/84354365_10218169939494626_7035006343215841280_o-1-2.jpg?resize=657%2C1024&#038;ssl=1\" alt=\"\" data-id=\"383\" data-link=\"https:\/\/abrams.nu\/halsa\/?attachment_id=383\" class=\"wp-image-383\" srcset=\"https:\/\/i0.wp.com\/abrams.nu\/halsa\/wp-content\/uploads\/2021\/02\/84354365_10218169939494626_7035006343215841280_o-1-2.jpg?resize=657%2C1024&amp;ssl=1 657w, https:\/\/i0.wp.com\/abrams.nu\/halsa\/wp-content\/uploads\/2021\/02\/84354365_10218169939494626_7035006343215841280_o-1-2.jpg?resize=192%2C300&amp;ssl=1 192w, https:\/\/i0.wp.com\/abrams.nu\/halsa\/wp-content\/uploads\/2021\/02\/84354365_10218169939494626_7035006343215841280_o-1-2.jpg?w=719&amp;ssl=1 719w\" sizes=\"auto, (max-width: 657px) 100vw, 657px\" \/><\/figure><\/li><li class=\"blocks-gallery-item\"><figure><img data-recalc-dims=\"1\" loading=\"lazy\" decoding=\"async\" width=\"473\" height=\"1024\" src=\"https:\/\/i0.wp.com\/abrams.nu\/halsa\/wp-content\/uploads\/2021\/02\/147163452_248326923339032_2802619056298300920_n-1.jpg?resize=473%2C1024&#038;ssl=1\" alt=\"\" data-id=\"384\" data-link=\"https:\/\/abrams.nu\/halsa\/?attachment_id=384\" class=\"wp-image-384\" srcset=\"https:\/\/i0.wp.com\/abrams.nu\/halsa\/wp-content\/uploads\/2021\/02\/147163452_248326923339032_2802619056298300920_n-1.jpg?resize=473%2C1024&amp;ssl=1 473w, https:\/\/i0.wp.com\/abrams.nu\/halsa\/wp-content\/uploads\/2021\/02\/147163452_248326923339032_2802619056298300920_n-1.jpg?resize=139%2C300&amp;ssl=1 139w, https:\/\/i0.wp.com\/abrams.nu\/halsa\/wp-content\/uploads\/2021\/02\/147163452_248326923339032_2802619056298300920_n-1.jpg?resize=768%2C1663&amp;ssl=1 768w, https:\/\/i0.wp.com\/abrams.nu\/halsa\/wp-content\/uploads\/2021\/02\/147163452_248326923339032_2802619056298300920_n-1.jpg?resize=710%2C1536&amp;ssl=1 710w, https:\/\/i0.wp.com\/abrams.nu\/halsa\/wp-content\/uploads\/2021\/02\/147163452_248326923339032_2802619056298300920_n-1.jpg?w=946&amp;ssl=1 946w\" sizes=\"auto, (max-width: 473px) 100vw, 473px\" \/><\/figure><\/li><li class=\"blocks-gallery-item\"><figure><img data-recalc-dims=\"1\" loading=\"lazy\" decoding=\"async\" width=\"534\" height=\"1024\" src=\"https:\/\/i0.wp.com\/abrams.nu\/halsa\/wp-content\/uploads\/2021\/02\/97370938_2125379334260478_7128469994127491072_n-b-1.jpg?resize=534%2C1024&#038;ssl=1\" alt=\"\" data-id=\"385\" data-link=\"https:\/\/abrams.nu\/halsa\/?attachment_id=385\" class=\"wp-image-385\" srcset=\"https:\/\/i0.wp.com\/abrams.nu\/halsa\/wp-content\/uploads\/2021\/02\/97370938_2125379334260478_7128469994127491072_n-b-1.jpg?resize=534%2C1024&amp;ssl=1 534w, https:\/\/i0.wp.com\/abrams.nu\/halsa\/wp-content\/uploads\/2021\/02\/97370938_2125379334260478_7128469994127491072_n-b-1.jpg?resize=156%2C300&amp;ssl=1 156w, https:\/\/i0.wp.com\/abrams.nu\/halsa\/wp-content\/uploads\/2021\/02\/97370938_2125379334260478_7128469994127491072_n-b-1.jpg?resize=768%2C1474&amp;ssl=1 768w, https:\/\/i0.wp.com\/abrams.nu\/halsa\/wp-content\/uploads\/2021\/02\/97370938_2125379334260478_7128469994127491072_n-b-1.jpg?resize=800%2C1536&amp;ssl=1 800w, https:\/\/i0.wp.com\/abrams.nu\/halsa\/wp-content\/uploads\/2021\/02\/97370938_2125379334260478_7128469994127491072_n-b-1.jpg?w=938&amp;ssl=1 938w\" sizes=\"auto, (max-width: 534px) 100vw, 534px\" \/><\/figure><\/li><\/ul><\/figure>\n\n\n\n<p>Lite blandade bilder fr\u00e5n bl a Kaliforninen, Filippinerna och norra Thailand. Den som ser ut som Frodo  \u00e4r en mittemellanbild, p\u00e5 v\u00e4g upp\u00e5t i vikt. <\/p>\n","protected":false},"excerpt":{"rendered":"<p>Lite blandade bilder fr\u00e5n bl a Kaliforninen, Filippinerna och norra Thailand. Den som ser ut som Frodo \u00e4r en mittemellanbild, p\u00e5 v\u00e4g upp\u00e5t i vikt.<\/p>\n","protected":false},"author":1,"featured_media":0,"parent":0,"menu_order":0,"comment_status":"open","ping_status":"closed","template":"","meta":{"nf_dc_page":"","om_disable_all_campaigns":false,"footnotes":""},"class_list":["post-376","page","type-page","status-publish","hentry"],"jetpack_sharing_enabled":true,"_links":{"self":[{"href":"https:\/\/abrams.nu\/halsa\/wp-json\/wp\/v2\/pages\/376","targetHints":{"allow":["GET"]}}],"collection":[{"href":"https:\/\/abrams.nu\/halsa\/wp-json\/wp\/v2\/pages"}],"about":[{"href":"https:\/\/abrams.nu\/halsa\/wp-json\/wp\/v2\/types\/page"}],"author":[{"embeddable":true,"href":"https:\/\/abrams.nu\/halsa\/wp-json\/wp\/v2\/users\/1"}],"replies":[{"embeddable":true,"href":"https:\/\/abrams.nu\/halsa\/wp-json\/wp\/v2\/comments?post=376"}],"version-history":[{"count":3,"href":"https:\/\/abrams.nu\/halsa\/wp-json\/wp\/v2\/pages\/376\/revisions"}],"predecessor-version":[{"id":391,"href":"https:\/\/abrams.nu\/halsa\/wp-json\/wp\/v2\/pages\/376\/revisions\/391"}],"wp:attachment":[{"href":"https:\/\/abrams.nu\/halsa\/wp-json\/wp\/v2\/media?parent=376"}],"curies":[{"name":"wp","href":"https:\/\/api.w.org\/{rel}","templated":true}]}}