{"id":1525,"date":"2021-05-08T06:54:03","date_gmt":"2021-05-08T05:54:03","guid":{"rendered":"https:\/\/abrams.nu\/halsa\/?page_id=1525"},"modified":"2021-05-08T06:59:00","modified_gmt":"2021-05-08T05:59:00","slug":"matkoncept-gryta-pa-linser-eller-bonor","status":"publish","type":"page","link":"https:\/\/abrams.nu\/halsa\/laga-mat\/matkoncept-gryta-pa-linser-eller-bonor\/","title":{"rendered":"Matkoncept: Gryta p\u00e5 linser eller b\u00f6nor"},"content":{"rendered":"<p><img data-recalc-dims=\"1\" loading=\"lazy\" decoding=\"async\" class=\" wp-image-1531 alignleft\" src=\"https:\/\/i0.wp.com\/abrams.nu\/halsa\/wp-content\/uploads\/2021\/05\/182119286_365199444935595_5393796268300262618_n.jpg?resize=340%2C421&#038;ssl=1\" alt=\"\" width=\"340\" height=\"421\" \/>H\u00e4r ska jag beskriva en typ av mat som \u00e4r god, m\u00e4ttande och som ligger l\u00e5gt i energi. Med andra ord l\u00e4mplig mat f\u00f6r att g\u00e5 ner i vikt p\u00e5 utan att g\u00e5 hungrig eller beh\u00f6va \u00e4ta n\u00e5got som inte smakar gott.<br \/>\nI en tidigare text, <a href=\"https:\/\/abrams.nu\/halsa\/laga-mat\/mat-koncept-eller-recept-nagra-forslag\/\">Mat \u2013 koncept eller recept?<\/a> skrev jag om f\u00f6rdelarna med att t\u00e4nka i koncept snarare \u00e4n recept. S\u00e5 jag ska beskriva ett koncept: gryta p\u00e5 baljv\u00e4xter av n\u00e5got slag, dvs linser, b\u00f6nor eller \u00e4rter.<\/p>\n<p>De flesta har nog en ganska sval relation till linser och b\u00f6nor. Vad ska man ha dem till, liksom? Man inte l\u00e4rt sig att anv\u00e4nda dem p\u00e5 s\u00e5 m\u00e5nga s\u00e4tt. Det \u00e4r ingen mat som har stort utrymme i svensk matlagning av n\u00e5gon anledning. Det finns ju bruna0 b\u00f6nor och \u00e4rtsoppa, men jag tror inte att det \u00e4r s\u00e5 m\u00e5nga som \u00e4ter det s\u00e4rskilt ofta. Dock finns det <a href=\"https:\/\/www.isof.se\/matkult\/baljvaxter\/om-baljvaxter-i-2kosthallet.html\" target=\"_blank\" rel=\"noopener\">fynd i Sverige<\/a> fr\u00e5n sten\u00e5ldern av b\u00e5de b\u00f6nor och \u00e4rter, s\u00e5 det \u00e4r ingenting nytt.<br \/>\nBaljv\u00e4xter \u00e4r n\u00e4ringsrika och inneh\u00e5ller mycket protein och l\u00e4ttl\u00f6sliga fibrer samtidigt som de har l\u00e5g fetthalt. De har egna milda smaker och de flesta sorter reder sig trevligt vid kokning. Ett undantag \u00e4r kik\u00e4rter, som har den egenskapen att de inte blr mjuka vid kokning, s\u00e5 dem f\u00e5r man g\u00f6ra andra r\u00e4tter av.<\/p>\n<p>Linser anv\u00e4nds mycket i s\u00f6dra och v\u00e4stra Asien och i medelhavsomr\u00e5det. De inneh\u00e5ller en h\u00f6g andel <a title=\"Protein\" href=\"https:\/\/sv.wikipedia.org\/wiki\/Protein\">protein<\/a>\u00a0inklusive n\u00e5gra\u00a0<a title=\"\" href=\"https:\/\/sv.wikipedia.org\/wiki\/Essentiell_aminosyra\">essentiella aminosyror.<\/a> De vanligaste linserna som man hittar i en vanlig matbutik \u00e4r de r\u00f6da och de gr\u00f6na, men det finns m\u00e5nga att v\u00e4lja p\u00e5. Flest sorter hittar man i indiska mataff\u00e4rer. Gula linser, eller duvlinser (pigeon lentils) \u00e4r lite st\u00f6rre, ger en kr\u00e4mig konsistens och har en behaglig mild smak som blir god \u00e4ven med v\u00e4ldigt sparsam kryddning. Svarta belugalinser finns i mer v\u00e4lsorterad butiker, t ex ICA Kvantum, och \u00e4r k\u00e4nda f\u00f6r att bli kr\u00e4miga i konsistensen n\u00e4r de tillagas. En bra \u00f6versikt <a href=\"http:\/\/www.hungrig.nu\/?p=31674\" target=\"_blank\" rel=\"noopener\">finns h\u00e4r<\/a>.<\/p>\n<p>B\u00f6nor finns det ocks\u00e5 m\u00e5nga sorter av, de skiljer sig \u00e5t i b\u00e5de smak och andra egenskaper. De man kokar kallas just kokb\u00f6nor och ska inte f\u00f6rv\u00e4xlas med sk\u00e4rb\u00f6nor, brytb\u00f6nor eller vaxb\u00f6nor. Jag \u00e4r mest f\u00f6rtjust i svarta b\u00f6nor, som jag tycker har en lite tydligare smak, och de stora vita (bondb\u00f6nor, sm\u00f6rb\u00f6nor) som g\u00e5r l\u00e4tt att anv\u00e4nda p\u00e5 liknande s\u00e4tt som f\u00e4rs. Det \u00e4r bara att pr\u00f6va sig fram. <a href=\"https:\/\/recept.se\/artikel\/guide--olika-sorters-bonor\" target=\"_blank\" rel=\"noopener\">H\u00e4r<\/a> beskrivs de vnigaste sorterna. B\u00f6nor bl\u00f6tl\u00e4gger man l\u00e4mpligtvis \u00f6ver natten, s\u00e5 f\u00f6rkortas koktiden betydligt.<\/p>\n<h2>G\u00f6r s\u00e5 h\u00e4r<\/h2>\n<p>Det h\u00e4r \u00e4r v\u00e4ldigt enkelt, lika enkelt som att koka vanlig \u00e4rtsoppa. Om du inte vet hur man kokar \u00e4rtsoppa s\u00e5 ska jag avsl\u00f6ja det: <em>Koka \u00e4rter med l\u00f6k till det ser ut som \u00e4rtsoppa. F\u00e4rdigt!<\/em> S\u00e5 enkelt \u00e4r det att g\u00f6ra en gryta p\u00e5 linser eller b\u00f6nor ocks\u00e5, det \u00e4r bara smaks\u00e4ttningen som beh\u00f6ver lite eftertanke, s\u00e5 att det blir gott.<\/p>\n<p>S\u00e5 h\u00e4r g\u00f6r du en medelstor kastrull med lins- eller b\u00f6ngryta:<\/p>\n<ul style=\"list-style-type: square;\">\n<li>Sk\u00e4r en stor l\u00f6k, eller tv\u00e5, i stora bitar. De beh\u00f6ver inte skivas eller hackas.<br \/>\n<span style=\"color: #ffffff;\">.<\/span><\/li>\n<li>Koka den tillsammans med 2-3 dl linser eller b\u00f6nor tills de \u00e4r mjuka eller &#8211; om man vill &#8211; b\u00f6rjar falla s\u00f6nder.\u00a0 Linser kan i allm\u00e4nhet kokas direkt. Googla p\u00e5 den sort du t\u00e4nkt anv\u00e4nda s\u00e5 hittar du anvisningar.<br \/>\n<span style=\"color: #ffffff;\">.<\/span><\/li>\n<li>Koka dem i vatten med en kombination av buljong\/fond, fisks\u00e5s, ljus eller m\u00f6rk soja och vin\u00e4ger. Anv\u00e4nd en st\u00f6rre m\u00e4ngd av de tv\u00e5 f\u00f6rsta och var lite f\u00f6rsiktigare med m\u00f6rk soja och vin\u00e4ger. Blir det f\u00f6r mycket vin\u00e4ger \u00e4r det sv\u00e5rt att korrigera. Anv\u00e4nder du r\u00f6d balsamvin\u00e4ger s\u00e5 blir det en lite s\u00f6taktig ton i smaken.<br \/>\n<span style=\"color: #ffffff;\">.<a href=\"https:\/\/i0.wp.com\/abrams.nu\/halsa\/wp-content\/uploads\/2021\/05\/Linsgryta-art.png?ssl=1\"><img data-recalc-dims=\"1\" loading=\"lazy\" decoding=\"async\" class=\"wp-image-1534 size-medium alignright\" src=\"https:\/\/i0.wp.com\/abrams.nu\/halsa\/wp-content\/uploads\/2021\/05\/Linsgryta-art.png?resize=300%2C219&#038;ssl=1\" alt=\"\" width=\"300\" height=\"219\" srcset=\"https:\/\/i0.wp.com\/abrams.nu\/halsa\/wp-content\/uploads\/2021\/05\/Linsgryta-art.png?resize=300%2C219&amp;ssl=1 300w, https:\/\/i0.wp.com\/abrams.nu\/halsa\/wp-content\/uploads\/2021\/05\/Linsgryta-art.png?w=647&amp;ssl=1 647w\" sizes=\"auto, (max-width: 300px) 100vw, 300px\" \/><\/a><\/span><\/li>\n<li>Eventuellt slutar det h\u00e4r och \u00e4r klart att servera. Vissa linser och b\u00f6nor har en egen smak som \u00e4r v\u00e4rd att utforska utan andra smaktill\u00e4gg \u00e4n s\u00e4ltan och syran och ev. s\u00f6tman som kommer av den buljongmix man kokar i.<br \/>\n<span style=\"color: #ffffff;\">.<\/span><\/li>\n<li>Trevliga smaks\u00e4ttningar som ger variation \u00e4r annars:\n<ul style=\"list-style-type: square;\">\n<li>\u00d6rtkryddor, en eller m\u00e5nga samtidigt, torkade eller f\u00e4rska. F\u00e4rsk dill eller persilja ska inte f\u00f6rgl\u00f6mmas. Anv\u00e4nder man torkade kryddor kan man anv\u00e4nda betydligt st\u00f6rre m\u00e4ngd \u00e4n man kan tro &#8211; flera matskedar av varje sort. Smakerna kommer att koka i hop med varandra och bli mildare. Det passar i s\u00e5 fall b\u00e4st att g\u00f6ra med b\u00f6nor eller \u00e4rter som beh\u00f6ver koka l\u00e4ngre \u00e4n linser.<\/li>\n<li>Vitl\u00f6k, hackad eller pressad<\/li>\n<li>Chili, f\u00e4rsk, torkad, som s\u00e5s eller i form av pasta. Det finns m\u00e5nga varianter med olika karakt\u00e4r.<\/li>\n<li>Tomatpur\u00e9 eller paprikapur\u00e9<\/li>\n<li>Blandade kryddor, antingen f\u00e4rdigblandade som den indiska garam masala eller lite av varje av de kryddor som ing\u00e5r i den (jag har pr\u00f6vat b\u00e4gge, det f\u00f6rsta \u00e4r enklare men det andra blir godare)<\/li>\n<li>Spiskummin och r\u00f6kt paprika \u00e4r ocks\u00e5 en vinnande kombination som smaks\u00e4ttning<\/li>\n<li>Curry av olika slag, f\u00e4rdig thaicurry \u00e4r ett exempel som ger bra resultat<\/li>\n<\/ul>\n<\/li>\n<\/ul>\n<h2>Varianter<\/h2>\n<p>M<a href=\"https:\/\/i0.wp.com\/abrams.nu\/halsa\/wp-content\/uploads\/2021\/05\/182533949_487989045973282_2632831998204931767_n2.jpg?ssl=1\"><img data-recalc-dims=\"1\" loading=\"lazy\" decoding=\"async\" class=\"wp-image-1535 size-medium alignright\" src=\"https:\/\/i0.wp.com\/abrams.nu\/halsa\/wp-content\/uploads\/2021\/05\/182533949_487989045973282_2632831998204931767_n2.jpg?resize=300%2C220&#038;ssl=1\" alt=\"\" width=\"300\" height=\"220\" srcset=\"https:\/\/i0.wp.com\/abrams.nu\/halsa\/wp-content\/uploads\/2021\/05\/182533949_487989045973282_2632831998204931767_n2.jpg?resize=300%2C220&amp;ssl=1 300w, https:\/\/i0.wp.com\/abrams.nu\/halsa\/wp-content\/uploads\/2021\/05\/182533949_487989045973282_2632831998204931767_n2.jpg?resize=1024%2C750&amp;ssl=1 1024w, https:\/\/i0.wp.com\/abrams.nu\/halsa\/wp-content\/uploads\/2021\/05\/182533949_487989045973282_2632831998204931767_n2.jpg?resize=768%2C562&amp;ssl=1 768w, https:\/\/i0.wp.com\/abrams.nu\/halsa\/wp-content\/uploads\/2021\/05\/182533949_487989045973282_2632831998204931767_n2.jpg?w=1277&amp;ssl=1 1277w\" sizes=\"auto, (max-width: 300px) 100vw, 300px\" \/><\/a>an kan smaks\u00e4tta baljv\u00e4xter med det mesta, d\u00e5 de har en s\u00e5 pass mild smak i sig sj\u00e4lva.. Senap passar ju till \u00e4rter t ex, men d\u00e5 \u00e4r det ju vanlig \u00e4rtsoppa man g\u00f6r i praktiken. Kanske kimchi? Pepparrot? \u00c4delost? Jag vet inte, men den som \u00e4r nyfiken kan ju testa.<\/p>\n<p>Ett annat s\u00e4tt att variera konceptet \u00e4r att l\u00e4gga till gr\u00f6nsaker efter smak. Jag brukar hacka vit- eller r\u00f6dk\u00e5l t ex som f\u00e5r koka med fr\u00e5n b\u00f6rjan. Det smakar eller doftar inte kokt k\u00e5l av det, don&#8217;t worry. D\u00e4remot \u00e4r det ett s\u00e4tt att g\u00f6ra grytan mer energisn\u00e5l per portion. Mor\u00f6tter passar fint ocks\u00e5, och ger lite extra s\u00f6tma om man vill ha det. S\u00f6tpotatis \u00e4r ett annat alternativ. Eller blomk\u00e5l eller paprika. Jag beh\u00f6ver inte ta fler exempel, po\u00e4ngen \u00e4r att man pr\u00f6var sig fram. Det \u00e4r sv\u00e5rt att g\u00f6ra helt fel.<\/p>\n<p>Resultatet blir en soppa, s\u00e5s eller gryta beroende p\u00e5 andelen v\u00e4tska. Jag tycker att det \u00e4r mest praktiskt att g\u00f6ra en gryta att st\u00e4lla i kylen. D\u00e5 kan man ju enkelt sp\u00e4da den om man \u00f6nskar. Det \u00e4r meckigare att g\u00f6ra tv\u00e4rt om.<\/p>\n<p>En gryta med tjock konsistens kan \u00e4tas som huvudr\u00e4tt, med tillbeh\u00f6r som naturell yoghurt, gott grovt fullkornsbr\u00f6d eller magert k\u00f6tt. Den kan ocks\u00e5 ing\u00e5 som fyllning i en paj eller tortilla.<\/p>\n<p>En tunnare anr\u00e4ttning fungerar som s\u00e5s tillsammans med vanlig basmat (obs f\u00f6r energiinneh\u00e5llet i ris, pasta och liknande) eller s\u00e5dana alternativ som jag beskrivit i <strong><a href=\"https:\/\/abrams.nu\/halsa\/laga-mat\/5-laga-lagenerimat\/\">Laga l\u00e5generimat &#8211; Hur g\u00f6r man?<\/a><\/strong><\/p>\n<p>En linsgryta jag gjorde nyligen var den p\u00e5 bilderna h\u00e4r. I\u00a0 den anv\u00e4nde jag de linser man ser i sk\u00e5larna p\u00e5 fotot i b\u00f6rjan av det h\u00e4r inl\u00e4gget &#8211; r\u00f6da, gr\u00f6na och svarta (beluga-). Konsistensen var tjock s\u00e5 den funkade fint som huvudsaklig mat.<\/p>\n<p>I det ena exemplet har jag tillbeh\u00f6r som naturell yoghurt, rivna mor\u00f6tter och naturella lingon &#8211; inte lingonsylt utan ett syrligt inslag, ungef\u00e4r som att ha citron eller lime till. I det andra \u00e5t jag grytan med yoghurt och ett grovt kornbr\u00f6d. I det senare fallet beh\u00f6vde grytan lite extra fisks\u00e5s och grovmalen svartpeppar f\u00f6r att funka med de milda tillbeh\u00f6ren.<\/p>\n<p>Det var det hela &#8211; konceptet gryta p\u00e5 baljv\u00e4xter. S\u00e5n mat fyller alla tre kraven samtidigt: man ska bli m\u00e4tt, det ska smaka gott och man ska g\u00e5 ner vikt.<\/p>\n<p>&nbsp;<\/p>\n<p>&nbsp;<\/p>\n<p>&nbsp;<\/p>\n<p>&nbsp;<\/p>\n<p>&nbsp;<\/p>\n","protected":false},"excerpt":{"rendered":"<p>H\u00e4r ska jag beskriva en typ av mat som \u00e4r god, m\u00e4ttande och som ligger l\u00e5gt i energi. Med andra ord l\u00e4mplig mat f\u00f6r att g\u00e5 ner i vikt p\u00e5 utan att g\u00e5 hungrig eller beh\u00f6va \u00e4ta n\u00e5got som inte<\/p>\n","protected":false},"author":1,"featured_media":0,"parent":1498,"menu_order":0,"comment_status":"closed","ping_status":"closed","template":"","meta":{"nf_dc_page":"","om_disable_all_campaigns":false,"footnotes":""},"class_list":["post-1525","page","type-page","status-publish","hentry"],"jetpack_sharing_enabled":true,"_links":{"self":[{"href":"https:\/\/abrams.nu\/halsa\/wp-json\/wp\/v2\/pages\/1525","targetHints":{"allow":["GET"]}}],"collection":[{"href":"https:\/\/abrams.nu\/halsa\/wp-json\/wp\/v2\/pages"}],"about":[{"href":"https:\/\/abrams.nu\/halsa\/wp-json\/wp\/v2\/types\/page"}],"author":[{"embeddable":true,"href":"https:\/\/abrams.nu\/halsa\/wp-json\/wp\/v2\/users\/1"}],"replies":[{"embeddable":true,"href":"https:\/\/abrams.nu\/halsa\/wp-json\/wp\/v2\/comments?post=1525"}],"version-history":[{"count":5,"href":"https:\/\/abrams.nu\/halsa\/wp-json\/wp\/v2\/pages\/1525\/revisions"}],"predecessor-version":[{"id":1546,"href":"https:\/\/abrams.nu\/halsa\/wp-json\/wp\/v2\/pages\/1525\/revisions\/1546"}],"up":[{"embeddable":true,"href":"https:\/\/abrams.nu\/halsa\/wp-json\/wp\/v2\/pages\/1498"}],"wp:attachment":[{"href":"https:\/\/abrams.nu\/halsa\/wp-json\/wp\/v2\/media?parent=1525"}],"curies":[{"name":"wp","href":"https:\/\/api.w.org\/{rel}","templated":true}]}}