{"id":1434,"date":"2021-04-21T18:50:14","date_gmt":"2021-04-21T17:50:14","guid":{"rendered":"https:\/\/abrams.nu\/halsa\/?page_id=1434"},"modified":"2021-05-03T18:38:45","modified_gmt":"2021-05-03T17:38:45","slug":"u-traning-del-3-nar-kroppens-signaler-blir-palitliga","status":"publish","type":"page","link":"https:\/\/abrams.nu\/halsa\/fysisk-aktivitet\/u-traning-del-3-nar-kroppens-signaler-blir-palitliga\/","title":{"rendered":"N\u00e4r kroppens signaler blir p\u00e5litliga"},"content":{"rendered":"<p><img data-recalc-dims=\"1\" loading=\"lazy\" decoding=\"async\" class=\" wp-image-1443 alignleft\" src=\"https:\/\/i0.wp.com\/abrams.nu\/halsa\/wp-content\/uploads\/2021\/04\/Signaler2.jpg?resize=420%2C298&#038;ssl=1\" alt=\"\" width=\"420\" height=\"298\" srcset=\"https:\/\/i0.wp.com\/abrams.nu\/halsa\/wp-content\/uploads\/2021\/04\/Signaler2.jpg?resize=300%2C213&amp;ssl=1 300w, https:\/\/i0.wp.com\/abrams.nu\/halsa\/wp-content\/uploads\/2021\/04\/Signaler2.jpg?w=687&amp;ssl=1 687w\" sizes=\"auto, (max-width: 420px) 100vw, 420px\" \/>F\u00f6r m\u00e5nga personer med en historia av \u00f6ver\u00e4tning har kroppens inre signalsystem brutit samman. Det g\u00f6r att man inte har n\u00e5got tillf\u00f6rlitligt s\u00e4tt att veta om om man sj\u00e4lv \u00e4r m\u00e4tt, hungrig, sugen eller n\u00e5gon kombination. H\u00e4r \u00e4r n\u00e5gra vanliga k\u00e4nnetecken p\u00e5 att det inre signalsystemet inte l\u00e4ngre fungerar:<\/p>\n<ul style=\"list-style-type: square;\">\n<li>N\u00e4r du \u00e4ter n\u00e5got som motsvarar den energi du gjort av med under den senaste halvdagen, s\u00e5 \u00e4r du \u00e4nd\u00e5 sugen p\u00e5 att \u00e4ta n\u00e5got mer.<br \/>\n<span style=\"color: #ffffff;\">.<\/span><\/li>\n<li>Inte f\u00f6rr\u00e4n du n\u00e4rmar sig att ha ont i magen av \u00f6ver\u00e4tning s\u00e5 k\u00e4nner du dig m\u00e4tt.<br \/>\n<span style=\"color: #ffffff;\">.<\/span><\/li>\n<li>Du \u00e4ter regelbundet f\u00f6r stora portioner, eller f\u00f6r m\u00e5nga.<br \/>\n<span style=\"color: #ffffff;\">.<\/span><\/li>\n<li>Du k\u00e4nner att du beh\u00f6ver energi i koncentrerad form (socker, fett) i maten \u00e4ven om det \u00e4r betydligt mer energi du d\u00e5 f\u00e5r i dig \u00e4n du g\u00f6r av med.<br \/>\n<span style=\"color: #ffffff;\">.<\/span><\/li>\n<li>Du \u00e4r inte s\u00e4ker p\u00e5 skillnaden mellan att vara hungrig (n\u00e4r kroppen beh\u00f6ver energip\u00e5fyllning) och sugen (n\u00e4r du enbart har lust att \u00e4ta).<\/li>\n<\/ul>\n<p>Att g\u00e5 efter otillf\u00f6rlitliga signaler om hur mycket man b\u00f6r \u00e4ta fungerar inte s\u00e5 bra. Det \u00e4r synd, f\u00f6r det \u00e4r ju designat som ett enkelt och smidigt system. N\u00e5got liknande kan g\u00e4lla f\u00f6r inre signaler om tr\u00f6tthet och energi, psykiskt och fysiskt &#8211; att de inte \u00e4r p\u00e5litliga. Det kan vara s\u00e5 att:<\/p>\n<ul style=\"list-style-type: square;\">\n<li>Du har sv\u00e5rt att avg\u00f6ra vad du faktiskt har energi till och inte, \u00e4ven om du vet hur stor insats som kommer att kr\u00e4vas.<br \/>\n<span style=\"color: #ffffff;\">.<\/span><\/li>\n<li>Det \u00e4r otydligt f\u00f6r dig vad det \u00e4r som gjort dig uttr\u00f6ttad &#8211; om det har att g\u00f6ra med vad du \u00e4tit, vad du gjort fysiskt, hur du sovit eller n\u00e5got annat.<br \/>\n<span style=\"color: #ffffff;\">.<\/span><\/li>\n<li>Olika slags tr\u00f6tthet verkar h\u00e4nga ihop som en diffus helhet och g\u00e5r inte att sortera n\u00e4rmare i. .<\/li>\n<\/ul>\n<p>Problem med tr\u00f6tthetssignaler, deras styrka och precision \u00e4r inte lika enkla att beskriva som problem med hunger- och m\u00e4ttnadssignaler. Det kan bero p\u00e5 m\u00e5nga olika saker hur man upplever olika sorts tr\u00f6tthet och energi. I vissa fall kan det r\u00f6ra sig om rent medicinska orsaker och beh\u00f6ver utredas av en l\u00e4kare. Kanske beh\u00f6vs det provtagningar f\u00f6r att unders\u00f6ka bristtillst\u00e5nd f\u00f6r att nu bara ta ett exempel. Men jag tar med det \u00e4nd\u00e5, f\u00f6r det \u00e4r en vanlig erfarenhet att n\u00e4r hunger- och m\u00e4ttnadssignaler b\u00f6rjar fungera b\u00e4ttre, s\u00e5 m\u00e4rker man \u00e4ven en st\u00f6rre precision i hur kroppen signalerar energitillg\u00e5ng ocks\u00e5.<\/p>\n<h2>Nervsystemet \u00e4r ett signalsystem<\/h2>\n<p>Det perifera nervsystem \u00e4r de nervbuntar och enskilda nervtr\u00e5dar som g\u00e5r mellan det <a href=\"https:\/\/sv.wikipedia.org\/wiki\/Centrala_nervsystemet\" target=\"_blank\" rel=\"noopener\"><strong>centrala<\/strong> <strong>nervsystemet<\/strong><\/a> (hj\u00e4rnan, hj\u00e4rnstammen och ryggm\u00e4rgen) och kroppens andra delar. Det \u00e4r i huvudsak ett informationssystem med signaler i b\u00e5da riktningarna. Nervsignaler som har med hunger och aptiti att g\u00f6ra b\u00e4r bl a p\u00e5 information om niv\u00e5er och koncentrationer av hormoner som leptin, ghrelin och insulin. F\u00f6renklat s\u00e5 har <strong><a href=\"https:\/\/sv.wikipedia.org\/wiki\/Leptin\" target=\"_blank\" rel=\"noopener\">leptin<\/a> <\/strong>har med m\u00e4ttnad att g\u00f6ra, <strong><a href=\"https:\/\/sv.wikipedia.org\/wiki\/Ghrelin\" target=\"_blank\" rel=\"noopener\">ghrelin<\/a> <\/strong>signalerar hunger och <strong><a href=\"https:\/\/sv.wikipedia.org\/wiki\/Insulin\" target=\"_blank\" rel=\"noopener\">insulin<\/a> <\/strong>kan, som en av sin m\u00e5nga funktioner, blockera leptinets signaler om m\u00e4ttnad. Det sista kallas \u00e4ven f\u00f6r leptinresistens och kan f\u00f6rhindra att en person k\u00e4nner sig m\u00e4tt trots att han\/hon \u00e4tit ordentligt.<\/p>\n<p>Dessa hormon tillsammans med andra mekenismer ing\u00e5r i ett system som kan s\u00e4ttas ur spel. Detta beskrivs ibland som ett \u00f6mt\u00e5ligt system d\u00e4r det l\u00e4tt uppst\u00e5r obalans. Men det \u00e4r sv\u00e5rt att hitta bel\u00e4gg f\u00f6r att systemet \u00e4r mer k\u00e4nsligt eller l\u00e4ttst\u00f6rt \u00e4n andra system i kroppen. Det r\u00e4cker att man \u00e4r fysiskt aktiv, \u00e4ter ungef\u00e4r lika mycket (av bra mat) som den energi man g\u00f6ra av med, s\u00e5 fungerar detta system i normalfallet utm\u00e4rkt. Men genom att \u00e4ta v\u00e4ldigt fel under en l\u00e4ngre tid s\u00e5 kan man till slut sabotera det s\u00e5 att det inte fungerar l\u00e4ngre.<\/p>\n<p>Jag t\u00e4nkte inte f\u00f6rdjupa mig i hormoner och neurofysiologi h\u00e4r. Men man det \u00e4r v\u00e4letablerad kunskap att det finns st\u00f6rningar i de aptitreglerande systemen som man kan \u00e5dra sig genom att regelbundet tillf\u00f6ra mer energi \u00e4n man f\u00f6rbrukar. Den som vill hitta publicerad forskning om detta kan b\u00f6rja med en s\u00f6kning p\u00e5 <a href=\"https:\/\/scholar.google.se\/scholar?hl=sv&amp;as_sdt=0%2C5&amp;as_vis=1&amp;q=leptin+ghrelin+insulin+&amp;btnG=\" target=\"_blank\" rel=\"noopener\"><strong>&#8220;leptin ghrelin insulin&#8221; via google scholar<\/strong><\/a>. En kort text p\u00e5 svenska finns annars <a href=\"https:\/\/www.viktvaktarna.se\/se\/article\/hormoner-leptin-och-hunger\" target=\"_blank\" rel=\"noopener\"><strong>hos Viktv\u00e4ktarn<\/strong><strong>a<\/strong><\/a>. Fetmaforskaren E Hemmingsom svarar ocks\u00e5 p\u00e5 relevanta om \u00e4mnet fr\u00e5gor i <a href=\"https:\/\/www.gih.se\/Nyheter\/20181\/Erik-Hemmingsson-uttalar-sig-om-hormonbalans\/\" target=\"_blank\" rel=\"noopener\"><strong>den h\u00e4r intervjun<\/strong><\/a> p\u00e5 Gymnastik- och idrottsh\u00f6gskolans webbplats.<\/p>\n<h2>Skillnader du kan f\u00f6rv\u00e4nta dig<\/h2>\n<p>Att enbart minska i vikt genom att \u00e4ndra matvanor st\u00e4ller inte de h\u00e4r problemen till r\u00e4tta. Vikminskning inneb\u00e4r i allm\u00e4nhet att man beh\u00f6ver s\u00e4tta sig \u00f6ver en m\u00e4ngd otillf\u00f6rlitliga kroppssignaler om vad man ska \u00e4ta och hur mycket. Detsamma g\u00e4ller fysisk aktivitet och energi. Processen att minska i vikt \u00e4r ofta ett virrvarr av k\u00e4nslor och impulser som man f\u00e5r l\u00e5ta bli att agera p\u00e5. \u00c4ven n\u00e4r man g\u00e5tt i m\u00e5l med vikten brukar denna r\u00f6ra av motstridiga kroppssignaler finnas kvar. F\u00f6rmodligen blir det b\u00e4ttre p\u00e5 l\u00e5ng sikt, men jag vet inte hur l\u00e5ng tid man kan f\u00f6rv\u00e4nta sig att det i s\u00e5 fall tar.<\/p>\n<p>D\u00e4remot \u00e4r det en vanlig erfarenhet att fysisk tr\u00e4ning r\u00e4ttar till problemen m\u00e4rkbart. B\u00f6rjar man g\u00f6ra av med en betydligt st\u00f6rre m\u00e4ngd energi s\u00e5 beh\u00f6ver man ocks\u00e5 \u00e4ta mer \u00e4n tidigare. Och det kan man ju g\u00f6ra med bibeh\u00e5llen energibalans. S\u00e4g att det blir tex 30 procent mer energi b\u00e5de in och ut. D\u00e5 blir det\u00a0 enkelt fart p\u00e5 systemen, som b\u00f6rjar fungera n\u00e4r kroppen anv\u00e4nds mer aktivt. Det \u00e4r ju inte s\u00e5 konstigt egentligen, att det beh\u00f6vs en viss fart f\u00f6r att det ska g\u00e5 att styra. Styrfart finns det ju n\u00e5got som heter, och det verkar var en liknelse som st\u00e4mmer in p\u00e5 \u00e4mnesoms\u00e4ttningen ocks\u00e5.<\/p>\n<p>Sj\u00e4lv gjorde jag s\u00e5 att jag under en period flerdubblade tr\u00e4ningsm\u00e4ngden f\u00f6r att se om det kunde hj\u00e4lpa mig att komma f\u00f6rbi en sk. plat\u00e5 i viktnedg\u00e5ngen. Det gjorde det. Men det som kom p\u00e5 k\u00f6pet &#8211; och som jag int alls hade v\u00e4ntat mig &#8211; var att jag uppt\u00e4ckte en helt ny v\u00e4rld av exakthet i kroppens signaler. Kroppen blev steg f\u00f6r steg mer hj\u00e4lpsam. Samarbetsvillig. Medvetande, nervsystem och kropp kan bli ett vinnande team n\u00e4r de b\u00f6rjar samarbeta. Men det verkar som att vi \u00e4r m\u00e5nga som m\u00e4rkt att det kommer med kroppstr\u00e4ning och <em>inte genom vikminskning allena<\/em>.<\/p>\n<p>Jag k\u00e4nner inte till n\u00e5gon forskning som unders\u00f6kt just detta mer specifikt, allts\u00e5 hur det n\u00e4rmare best\u00e4mt g\u00e5r till n\u00e4r signalsystemen r\u00e4ttar till sig, om alla f\u00f6rb\u00e4ttringar \u00e4r lika vanliga eller om de g\u00e4ller alla som \u00f6kar sin fysiska aktivitet. Men jag sammanfattar h\u00e4r erfarenheter jag h\u00f6rt och l\u00e4st om och som samtidigt \u00e4r mina egna. Den h\u00e4r texten \u00e4r fr\u00e4mst till f\u00f6r att t\u00e4nd ett hopp och att inspirera. Du f\u00e5r helt enkelt unders\u00f6ka sj\u00e4lv vad du m\u00e4rker f\u00f6r skillnader just f\u00f6r dig.<\/p>\n<p>Vad kan du d\u00e5 se fram emot n\u00e4r du kommer i g\u00e5ng med fysisk aktivitet ordentligt? Kanske n\u00e5gra av de h\u00e4r effekterna:<\/p>\n<ul style=\"list-style-type: square;\">\n<li>Du blir m\u00e4tt av att f\u00e5 i dig precis s\u00e5 mycket energi som du beh\u00f6ver. Den m\u00e4ngden r\u00e4cker f\u00f6r att du ska k\u00e4nna dig n\u00f6jd. Det \u00e4r s\u00e5 mycket som motsvarar vilof\u00f6rbrukning plus det som f\u00f6rbrukas genom aktiviteter.<br \/>\n<span style=\"color: #ffffff;\">.<\/span><\/li>\n<li>Om du \u00e4tit &#8220;lagom energirik&#8221; mat, t ex potatis, br\u00f6d, magert k\u00f6tt, s\u00e5 k\u00e4nner du dig hungrig en stund innan du beh\u00f6ver fylla p\u00e5 med mer energi.<br \/>\n<span style=\"color: #ffffff;\">.<\/span><\/li>\n<li>Om du \u00e4tit v\u00e4ldigt kalorisn\u00e5l mat, med volym fr\u00e5n t ex fibrer s\u00e5 att magen \u00e4r fylld, s\u00e5 kan det h\u00e4nda att den f\u00f6rsta signalen \u00e4r att du b\u00f6rjar sakna energi. (Det \u00e4r d\u00e5 dags att \u00e4ta.)<br \/>\n<span style=\"color: #ffffff;\">.<\/span><\/li>\n<li>Om du \u00e4tit mer energirik mat \u00e4n du brukar, eller st\u00f6rre m\u00e4ngd \u00e4n vanligt, s\u00e5 triggas inte sug efter mer, utan du h\u00e5ller dig m\u00e4tt l\u00e4ngre i st\u00e4llet. Kroppen registrerar att den f\u00e5tt extraenergi och v\u00e4ntar med att signalera hunger.<br \/>\n<span style=\"color: #ffffff;\">.<\/span><\/li>\n<li>Du blir \u00e4ven tillfreds med mat som inte \u00e4r s\u00e5 energirik, t ex frukt som inte \u00e4r f\u00f6r s\u00f6t. som \u00e4pplen och apelsiner. De h\u00e5ller dig inte m\u00e4tt lika l\u00e4nge, men s\u00e5 inneh\u00e5ller de ju betydligt mindre energi ocks\u00e5.<br \/>\n<span style=\"color: #ffffff;\">.<\/span><\/li>\n<li>Om du l\u00e4rt dig att r\u00e4kna p\u00e5 kaloriinneh\u00e5llet i maten s\u00e5 kommer du att kunna bed\u00f6ma av din m\u00e4ttnadsk\u00e4nsla ungef\u00e4r hur mycket energi (kalorier) det var i maten du \u00e5t.<br \/>\nDet har h\u00e4nt mig m\u00e5nga g\u00e5nger att jag f\u00f6rv\u00e4ntat mig att bli mer m\u00e4tt, eller mindre m\u00e4tt \u00e4n jag faktiskt blev efter en m\u00e5ltid. N\u00e4r jag sen r\u00e4knat p\u00e5 det s\u00e5 har det visat sig varf\u00f6r &#8211; k\u00e4nslan st\u00e4mde med kontrollr\u00e4kningen och jag hade helt enkelt slarvat med uppskattning som jag gjort. Kroppan gav allts\u00e5 tillf\u00f6rlitlig information.<br \/>\n<span style=\"color: #ffffff;\">.<\/span><\/li>\n<li>Det finns olika m\u00e4ttnadskvaliteter, beroende p\u00e5 vad du \u00e4tit, och som du kanske kommer att uppt\u00e4cka. Den m\u00e4ttnad som kommer fr\u00e5n fett \u00e4r annorlunda \u00e4n den som kommer fr\u00e5n proteiner. Kolhydrater, l\u00e5ngsamma eller snabba kan ocks\u00e5 ge olika m\u00e4ttnadsk\u00e4nslor\/energitillg\u00e5ng och det g\u00e5r att m\u00e4rka s\u00e5dana skillnader.<br \/>\n<span style=\"color: #ffffff;\">.<\/span><\/li>\n<li>Du kanske ocks\u00e5 uppt\u00e4cker att det blir l\u00e4ttare att skilja mellan olika slags tr\u00f6tthet och olika sorts energi. Man vet d\u00e5 om det \u00e4r sova man beh\u00f6ver g\u00f6ra, om det \u00e4r att ta en vilodag fr\u00e5n fysisk tr\u00e4ning eller om det \u00e4r s\u00e5 att man beh\u00f6ver \u00e4ta n\u00e5got eller kanske hitta ett s\u00e4tt att stressa av och vila tankarna fr\u00e5n n\u00e5got bekymmersamt man \u00e4r upptagen av.<\/li>\n<\/ul>\n<p>Det finnns fler skillnader \u00e4n dessa ocks\u00e5, t ex om vilken sorts tr\u00e4ning som funger b\u00e4st beroende p\u00e5 vad och n\u00e4r man \u00e4tit, om energin kommer fr\u00e5n glukos i blodet, fr\u00e5n &#8220;mellanlagringen&#8221; av glykogen o muskler och lever eller fr\u00e5n lagrat fett.\u00a0Allt detta kan man hitta detaljerade erfarenheter av om man s\u00f6ker upp sammanhang f\u00f6r kost och tr\u00e4ning p\u00e5 n\u00e4tet, inte minst inom LCHF-sammanhang finns det avancerade diskussioner man kan ta del av om man \u00e4r intresserad.<\/p>\n<p>Och s\u00e5 ett till\u00e4gg, s\u00e5 att du inte blir f\u00f6rf\u00e4rad om det h\u00e4nder: Hunger och aptit kan k\u00e4nnas helt kontrollerbar medan man minskar i vikt och inte har kommit ig\u00e5ng med n\u00e5gon tr\u00e4ning \u00e4nnu. Man kan k\u00e4nna att &#8220;det h\u00e4r g\u00e5r ju bra, lite matsug kan man bem\u00e4stra&#8221;. Men b\u00f6rjar du tr\u00e4na ordentligt s\u00e5 kommer en annan sorts hungerk\u00e4nslor som \u00e4r mer &#8220;aggressiva&#8221; och som \u00e4r mycket sv\u00e5rare att f\u00f6rhandla med. Det \u00e4r <em>the hunger from hell,<\/em> om man f\u00f6rs\u00f6ker g\u00f6ra motst\u00e5nd mot den. Lyckligtvis \u00e4r det inget stort problem, f\u00f6r det \u00e4r ju bara att \u00e4ta &#8211; det \u00e4r det som den signalen s\u00e4ger att man ska g\u00f6ra. Men en kontrollf\u00f6rlust kan man kalla det. F\u00f6r mig var just detta en ny erfarenhet. Man f\u00e5r stifta bekantskap med varf\u00f6r en del som tr\u00e4nar v\u00e4ldigt mycket m\u00e5ste \u00e4ta var tredje timme om de ska fungera.<\/p>\n<h2>Sammantaget<\/h2>\n<ul style=\"list-style-type: square;\">\n<li>Nervsystemet \u00e4r p\u00e5 det hela taget ett signalsystem.<br \/>\n<span style=\"color: #ffffff;\">.<\/span><\/li>\n<li>L\u00e5ngvarig \u00f6ver\u00e4tning kan g\u00f6ra att systemet slutar fungera.<br \/>\n<span style=\"color: #ffffff;\">.<\/span><\/li>\n<li>En bel\u00f6ning som kommer efter hand n\u00e4r du lagt till en rej\u00e4l m\u00e4ngd fysisk tr\u00e4ning till din viktnedg\u00e5ng \u00e4r att systemet b\u00f6rjar fungerar b\u00e4ttre och blir tillf\u00f6rlitligt.<br \/>\n<span style=\"color: #ffffff;\">.<\/span><\/li>\n<li>Du kommer kanske att bli f\u00f6rv\u00e5nad \u00f6ver hur m\u00e5nga olika och specifika informationssignaler kroppen kan bjuda p\u00e5 n\u00e4r psyke och kropp blir v\u00e4nner med varandra.<\/li>\n<\/ul>\n","protected":false},"excerpt":{"rendered":"<p>F\u00f6r m\u00e5nga personer med en historia av \u00f6ver\u00e4tning har kroppens inre signalsystem brutit samman. Det g\u00f6r att man inte har n\u00e5got tillf\u00f6rlitligt s\u00e4tt att veta om om man sj\u00e4lv \u00e4r m\u00e4tt, hungrig, sugen eller n\u00e5gon kombination. H\u00e4r \u00e4r n\u00e5gra vanliga<\/p>\n","protected":false},"author":1,"featured_media":0,"parent":1503,"menu_order":15,"comment_status":"closed","ping_status":"closed","template":"","meta":{"nf_dc_page":"","om_disable_all_campaigns":false,"footnotes":""},"class_list":["post-1434","page","type-page","status-publish","hentry"],"jetpack_sharing_enabled":true,"_links":{"self":[{"href":"https:\/\/abrams.nu\/halsa\/wp-json\/wp\/v2\/pages\/1434","targetHints":{"allow":["GET"]}}],"collection":[{"href":"https:\/\/abrams.nu\/halsa\/wp-json\/wp\/v2\/pages"}],"about":[{"href":"https:\/\/abrams.nu\/halsa\/wp-json\/wp\/v2\/types\/page"}],"author":[{"embeddable":true,"href":"https:\/\/abrams.nu\/halsa\/wp-json\/wp\/v2\/users\/1"}],"replies":[{"embeddable":true,"href":"https:\/\/abrams.nu\/halsa\/wp-json\/wp\/v2\/comments?post=1434"}],"version-history":[{"count":5,"href":"https:\/\/abrams.nu\/halsa\/wp-json\/wp\/v2\/pages\/1434\/revisions"}],"predecessor-version":[{"id":1508,"href":"https:\/\/abrams.nu\/halsa\/wp-json\/wp\/v2\/pages\/1434\/revisions\/1508"}],"up":[{"embeddable":true,"href":"https:\/\/abrams.nu\/halsa\/wp-json\/wp\/v2\/pages\/1503"}],"wp:attachment":[{"href":"https:\/\/abrams.nu\/halsa\/wp-json\/wp\/v2\/media?parent=1434"}],"curies":[{"name":"wp","href":"https:\/\/api.w.org\/{rel}","templated":true}]}}