{"id":1351,"date":"2021-04-09T21:58:34","date_gmt":"2021-04-09T20:58:34","guid":{"rendered":"https:\/\/abrams.nu\/halsa\/?page_id=1351"},"modified":"2021-05-03T18:16:37","modified_gmt":"2021-05-03T17:16:37","slug":"ravara","status":"publish","type":"page","link":"https:\/\/abrams.nu\/halsa\/maten\/ravara\/","title":{"rendered":"Hur mycket mat \u00e4r det i maten? Om r\u00e5varor och fabriksmat."},"content":{"rendered":"<p><img data-recalc-dims=\"1\" loading=\"lazy\" decoding=\"async\" class=\" wp-image-1352 alignleft\" src=\"https:\/\/i0.wp.com\/abrams.nu\/halsa\/wp-content\/uploads\/2021\/04\/Ravaror.jpg?resize=412%2C279&#038;ssl=1\" alt=\"\" width=\"412\" height=\"279\" srcset=\"https:\/\/i0.wp.com\/abrams.nu\/halsa\/wp-content\/uploads\/2021\/04\/Ravaror.jpg?resize=300%2C203&amp;ssl=1 300w, https:\/\/i0.wp.com\/abrams.nu\/halsa\/wp-content\/uploads\/2021\/04\/Ravaror.jpg?resize=768%2C519&amp;ssl=1 768w, https:\/\/i0.wp.com\/abrams.nu\/halsa\/wp-content\/uploads\/2021\/04\/Ravaror.jpg?w=795&amp;ssl=1 795w\" sizes=\"auto, (max-width: 412px) 100vw, 412px\" \/>F\u00f6r att g\u00e5 g\u00e5 ner i vikt p\u00e5 vanlig mat s\u00e5 b\u00f6r man p\u00e5 det stora hela h\u00e5lla sig till r\u00e5varor och undvika mat som \u00e4r tillverkad i fabrik. Den enkla anledningen till det ska jag beskriva h\u00e4r.<\/p>\n<p>Fabrikstillverkad mat kallas \u00e4ven f\u00f6r processad mat. De b\u00e5da uttrycken betyder inte samma sak, men oftast r\u00f6r det sig om samma varor i praktiken. Processa betyder att man g\u00f6r n\u00e5got f\u00f6r att f\u00f6r\u00e4ndra maten, s\u00e5 om man kokar potatis s\u00e5 har man egentligen processat den. Men det man syftar p\u00e5 \u00e4r vanligtvis h\u00f6gprocessad mat, d\u00e4r det man gjort vid tillverkningen \u00e4r <em>helt andra saker<\/em> \u00e4n de vi g\u00f6r hemma i k\u00f6ket med de vanliga rmetoderna.<\/p>\n<p>Det finns och har funnits m\u00e5nga olika argument f\u00f6r och emot processad mat. Fr\u00e5gan om giftiga \u00e4mnen verkar alltid ha figurerat till exempel, men det \u00e4r inte den fr\u00e5gan jag ska ta upp h\u00e4r, utan de fr\u00e5gor som har med viktnedg\u00e5ng att g\u00f6ra.<\/p>\n<h2>Hur mycket mat \u00e4r det i maten?<\/h2>\n<p>Problemet med fabrikstillverkad mat \u00e4r att det som grundregel \u00e4r <em>v\u00e4ldigt lite mat<\/em> i den. Ja, just s\u00e5, det \u00e4r f\u00f6rv\u00e5nsv\u00e4rt lite mat i maten. Det som \u00e4r sj\u00e4lva den riktiga maten \u00e4r ju r\u00e5varan med alla de egenskaper den har; n\u00e4ring, smak och struktur. Principen f\u00f6r att tillverka b\u00e5de f\u00e4rdig och halvf\u00e4rdig mat \u00e4r att ers\u00e4tta det som r\u00e5varan erbjuder med andra komponenter som \u00e4r billigare och, f\u00f6r tillverkaren, mer praktiska. Det uppt\u00e4cker man enkelt genom att l\u00e4sa p\u00e5 inneh\u00e5lllsf\u00f6rteckningen till f\u00f6rst b\u00e4sta processade produkt man hittar i butiken.<\/p>\n<p>F\u00f6r min egen del gjorde jag den h\u00e4r uppt\u00e4ckten mest av en slump f\u00f6r flera \u00e5r sen n\u00e4r jag r\u00e5kade f\u00e5 syn p\u00e5 inneh\u00e5llsf\u00f6rteckningen till den guacamole, dvs avocador\u00f6ra, jag skulle k\u00f6pa till familjen en fredag.\u00a0 De d\u00e4r hemma som v\u00e4ntade sig avocador\u00f6ra blev lite besvikna n\u00e4r jag kom hem utan. Jag kunde helt enkelt inte med att betala f\u00f6r det jag l\u00e4sta om p\u00e5 burkens inneh\u00e5llsf\u00f6rteckning.<\/p>\n<p>Traditionellt \u00e4r guacamole en r\u00f6ra, eller s\u00e5s, av avocadofrukt som man mosar och blandar med mindre m\u00e4ngder l\u00f6k, vitl\u00f6k, chili och\u00a0 paprika som smals\u00e4ttning. Det \u00e4r \u00e4ven vanligt med citron<img data-recalc-dims=\"1\" loading=\"lazy\" decoding=\"async\" class=\" wp-image-1361 alignright\" src=\"https:\/\/i0.wp.com\/abrams.nu\/halsa\/wp-content\/uploads\/2021\/04\/Gua.jpg?resize=415%2C310&#038;ssl=1\" alt=\"\" width=\"415\" height=\"310\" \/> och f\u00e4rsk koriander i, och tomat kan ing\u00e5 ocks\u00e5. Det b\u00f6r ju \u00e5tminstone bli ett resultat med minst 90 procent avocado kan man tycka, eller i alla fall 80. I alla fall blir det det det n\u00e4r jag g\u00f6r min egen guacamole hemma. Men det jag uppt\u00e4ckte den d\u00e4r g\u00e5ngen var att k\u00f6per man Santa Marias Tex Mex guacamoledip s\u00e5 f\u00e5r man en r\u00f6ra med <strong>1,5 procent<\/strong> avocado. Inte 61,5 procent eller 41,5 utan 1,5. Resten \u00e4r allts\u00e5 n\u00e5got helt annat. Den kompletta inneh\u00e5llsf\u00f6rteckningen ser ut s\u00e5 h\u00e4r:<\/p>\n<blockquote><p>Vatten, l\u00f6k, tomat, solrosolja, paprika, modifierad st\u00e4rkelse (tapioka), vassleprotein, salt (1,6%), avokado (1,5%), socker, jalapeno, vitl\u00f6k, syra (E270, E330), surhetsreglerande medel (E575), arom (bl.a avokado, lime), j\u00e4stextrakt, kryddor, maltodextrin, f\u00f6rtjockningsmedel (E415), antioxidationsmedel (E338), emulgeringsmedel (E450a, E472), f\u00e4rg\u00e4mne (E141, E100)<\/p><\/blockquote>\n<p>L\u00e4gg m\u00e4rke till att den inte heter &#8220;guacamole&#8221; (bild) f\u00f6r det f\u00e5r det inte heta n\u00e4r det knappt \u00e4r n\u00e5gon avocado alls i. Men DIP Guacamole style var helt i sin ordning enligt reglerna. Det har liksom samma &#8220;stil&#8221; som avocador\u00f6ra, dvs en f\u00e4rg, konsistens och smak som liknar.Dock har just den h\u00e4r produkten bytt namn efter klagom\u00e5l, och heter numera DIP &#8211; Tex Mex style. Nytt namn men samma sak i burken.<\/p>\n<p>Samma sak g\u00e4ller 100-tals eller kanske 1000-tals andra produkter (ICA Kvantum har upp\u00e5t 20 000 produkter i sortimentet). Kolla inneh\u00e5llsf\u00f6rteckningen p\u00e5 lingonsylt t ex. Hur mycket lingon \u00e4r det i? BOB:s lingonsylt inneh\u00e5ller 35 procent lingon t ex. Som j\u00e4mf\u00f6relse kommer min egengjord lingonsylt i frysen fr\u00e5n lingon som jag plockade sj\u00e4lv i h\u00f6stas. Jag la bara till en liten m\u00e4ngd socker, f\u00f6r jag vill inte ha den s\u00e5 s\u00f6t. Den har mer \u00e4n 90 procent lingon i.<\/p>\n<blockquote><p>Ekstr\u00f6ms chokladpudding? 2,5 procent kakao. Sagolikas nyponsoppa? 10 procent nypon. Scans lantkorv (en falukorvsvariant som inte f\u00e5r kallas falukorv) har denna innh\u00e5llsf\u00f6rteckning: Maskinurbenat grisk\u00f6tt (26%), vatten, grisk\u00f6tt (9%), potatismj\u00f6l, fett fr\u00e5n gris, bindv\u00e4v fr\u00e5n gris, salt, druvsocker, citrusfiber, stabiliseringsmedel E450, l\u00f6k, kryddor, kryddextrakt, antioxidationsmedel E300, konserveringsmedel E250 r\u00f6karom.<\/p><\/blockquote>\n<p>Och s\u00e5 d\u00e4r forts\u00e4tter det. Det finns enskilda produkter som har ett h\u00f6gt r\u00e5varuinneh\u00e5ll, men d\u00e5 r\u00f6r det sig om dyrare varor och det finns inte m\u00e5nga av dem. Standardsorimentet av processad mat inneh\u00e5ller en v\u00e4ldigt liten andel r\u00e5vara.<\/p>\n<h2>Hur g\u00e5r tillverkningen till?<\/h2>\n<p>Mattillverkningen i fabrik \u00e4r designad f\u00f6r att h\u00e5lla priset nere s\u00e5 att man d\u00e4rmed f\u00e5r s\u00e4lja mer. Principiellt g\u00e5r det till s\u00e5 h\u00e4r, med viss variation mellan olika produkter f\u00f6rst\u00e5s, alla processer har inte med alla steg:<\/p>\n<ol>\n<li>Man tar en liten, ibland v\u00e4ldigt liten, m\u00e4ngd r\u00e5vara och blandar med en stor m\u00e4ngd vatten (eller luft, t ex vid bakning av vitt br\u00f6d).<br \/>\n<span style=\"color: #ffffff;\">a<\/span><\/li>\n<li>F\u00f6r att \u00f6ka volymen ytterligare\u00a0 s\u00e5 tills\u00e4tter man konsistensgvare.<br \/>\n<span style=\"color: #ffffff;\">a<\/span><\/li>\n<li>F\u00f6r att f\u00e5 varan fysiskt stabil eller fast s\u00e5 anv\u00e4nds stabiliseringsmedel.<br \/>\n<span style=\"color: #ffffff;\">a<\/span><\/li>\n<li>F\u00f6ra att f\u00e5 f\u00e5 konsistensen j\u00e4mn och ingredienserna blandade med varann (t ex fett med vatten) s\u00e5 anv\u00e4nds emulgeringsmedel.<br \/>\n<span style=\"color: #ffffff;\">a<\/span><\/li>\n<li>Nu har man en ganska ful och smakl\u00f6s massa som ingen vill \u00e4ta \u00e4nnu. D\u00e5 tills\u00e4tter man smak i form av syntetiska smak\u00e4mnen.<br \/>\n<span style=\"color: #ffffff;\">a<\/span><\/li>\n<li>Smakf\u00f6rst\u00e4rkare anv\u00e4nds till det som det l\u00e5ter som &#8211; f\u00f6rst\u00e4rka den lilla smak som finns.<br \/>\n<span style=\"color: #ffffff;\">a<\/span><\/li>\n<li>Nu smakar produkten lite mer och b\u00e4ttre, men den \u00e4r forfarande inte god. S\u00e5 man beh\u00f6ver tills\u00e4tta rej\u00e4lt med socker, fett och salt (ofta alla tre) f\u00f6r att f\u00e5 den att upplevas som smaskig nog att \u00e4ta.<br \/>\n<span style=\"color: #ffffff;\">a<\/span><\/li>\n<li>Nu \u00e4r varan \u00e4tbar, men ser forfarande ful ut. S\u00e5 det beh\u00f6vs f\u00e4rg\u00e4mnen.<br \/>\n<span style=\"color: #ffffff;\">a<\/span><\/li>\n<li>Det beh\u00f6vs ocks\u00e5 ytbehandlingar av olika slag f\u00f6r att f\u00e5 ytan lagom krispig, h\u00e5rd eller seg, s\u00e5 att det liknar \u00e4kta vara s\u00e5 mycket som m\u00f6jligt.<\/li>\n<\/ol>\n<p>Det \u00e4r en principskiss av hur det g\u00e5r till. Resultatet \u00e4r billiga produkter som inte \u00e4r s\u00e4rskilt goda, men som g\u00e5r att s\u00e4lja till m\u00e4nniskor som \u00e4r fett- och sockerberoende och som kanske inte riktigt kommer i h\u00e5g hur det borde smaka om det \u00e4r hemgjort eller i alla fall till st\u00f6rsta delen best\u00e5r av bra r\u00e5varor.<\/p>\n<h2>\u00c4r det farligt med processad mat?<\/h2>\n<p>Inte p\u00e5 grund av den \u00e4r just processad, vad jag vet. Konsistensgivare, stabiliseringsmedel och liknande \u00e4r inte k\u00e4nda f\u00f6r att vara giftiga. Ett klassiskt utfyllnads\u00e4mne \u00e4r t ex tillverkat p\u00e5 samma s\u00e4tt som tapetklister och inneh\u00e5ller samma sak. Tapetklister kan du enkelt tillverka hemma med vatten, potatismj\u00f6l, socker och salt.<\/p>\n<p>Problemet \u00e4r att det i h\u00f6gprocessad mat helt enkelt<em> inte \u00e4r riktig mat<\/em> som man f\u00e5r i sig. Och som kompensation f\u00f6r det som skanas (en rimlig m\u00e4ngd r\u00e5vara) \u00e4r s\u00e5 kallade tomma kalorier tillsatta i form av fett och socker. Samtidigt harmycket av mikron\u00e4rings\u00e4mnen och fibrer f\u00f6rsvunnit under v\u00e4gens g\u00e5ng.<\/p>\n<p>Fabrikstillverkad\u00a0 mat \u00e4r kort sagt s\u00e4mre mat p\u00e5 alla s\u00e4tt. Man blir b\u00e5de fet av den och g\u00e5r miste om nyttigheter som finns i sj\u00e4lva r\u00e5varorna. Och det \u00e4r inte bara det att den inneh\u00e5ller mer fett och socker. I en randomiserad, kontrollerad studie som publicerades i <a href=\"https:\/\/www.ncbi.nlm.nih.gov\/pmc\/articles\/PMC7946062\/\" target=\"_blank\" rel=\"noopener\"><strong>Cell<\/strong> Metabolism (2019)<\/a> s\u00e5g man att unders\u00f6kningsdeltagarna \u00e5t mer av processad mat (h\u00f6gre kaloriintag) \u00e4n av motsvarande mat av r\u00e5varor. Forskarna ger dock ingen tydlig f\u00f6rklaring till vad det kan bero p\u00e5 utan har mest spekulationer. Det \u00e4r s\u00e5 det ser ut i bland &#8211; man har resultat f\u00f6rst, utan att fr\u00e5n b\u00f6rjan kunna f\u00f6rklara vad de beror p\u00e5. S\u00e5 fabrikstillverkad mat \u00e4r inte bara mindre nyttig &#8211; man tenderar dessutom av n\u00e5gon anledning att \u00e4ta mer av den.<\/p>\n<p>H\u00f6gprocessad mat \u00e4r dock farlig som helhet om man ser till l\u00e5ngsiktiga h\u00e4lsorisker. Det finns \u00f6vertygande forskningsst\u00f6d f\u00f6r att an en h\u00f6g konsumtion har samband med b\u00e5de cancerrisk, allm\u00e4n d\u00f6dlighet (all-cause-martality) och n\u00e4ringsbrist. En l\u00e4ttillg\u00e4nglig sammanst\u00e4llning fr\u00e5n Harvarduniversitetet hittar man l\u00e4ngre ner p\u00e5 <a href=\"https:\/\/www.hsph.harvard.edu\/nutritionsource\/processed-foods\/\" target=\"_blank\" rel=\"noopener\">den h\u00e4r sidan<\/a>.<\/p>\n<h2>Vad ska man g\u00f6ra \u00e5t saken?<\/h2>\n<p>L\u00f6sningen \u00e4r, gl\u00e4djande nog enkel: <strong>H\u00e5ll dig till r\u00e5varor s\u00e5 mycket du kan.<\/strong> K\u00f6p inte f\u00f6rdiglagade produkter om du inte m\u00e5ste. Undvik b\u00e5de halv- och helfabrikat. Och om du \u00e4r tveksam \u00f6ver en vara i butiken; <em>l\u00e4s inneh\u00e5llsf\u00f6rteckningen<\/em>. D\u00e4r \u00e4r tillverkaren skyldig att i m\u00e4ngdordning redovisa de ingredienser som anv\u00e4nts vid tillverkningen. Vanligvis st\u00e5r \u00e4ven andelen r\u00e5vara angiven som ett procenttal. J\u00e4mf\u00f6r det med vad andelen r\u00e5vara skulle bli om du lagade samma sak fr\u00e5n grunden hemma i k\u00f6ket i st\u00e4llet.<\/p>\n<p>Ja, det beh\u00f6vs vissa basala matlagningsf\u00e4rdigheter att laga sina egna k\u00f6ttbullar i st\u00e4llet f\u00f6r att k\u00f6pa Mamma Scans f\u00e4rdiga. Vissa saker \u00e4r s\u00e5klart mer kr\u00e4vande att laga hemma \u00e4n andra, men man beh\u00f6ver inte b\u00f6rja med att baka wienerbr\u00f6d och petit chouxer.<\/p>\n<p>B\u00f6rja f\u00f6rslagsvis med det som k\u00e4nns genomf\u00f6rbart. N\u00e4sta g\u00e5ng du eller n\u00e5gon i din n\u00e4rhet vill ha guacamole; k\u00f6p mogna avocados och googla fram ett recept som ser bra ut. De blir lite dyrare, men du kan f\u00e5 en blandning med 92 eller 97 procent avocado i st\u00e4llet f\u00f6r 1,5&#8230;<\/p>\n<h2>Sammantaget<\/h2>\n<ul style=\"list-style-type: square;\">\n<li>Fabrikstillverkad mat \u00e4r till f\u00f6r att vara billig och inneh\u00e5ller ofta l\u00f6jligt l\u00e5g andel r\u00e5vara.<br \/>\n<span style=\"color: #ffffff;\">a<\/span><\/li>\n<li>Smaken kompenseras hj\u00e4lpligt med syntetiska smak\u00e4mnen, fett, socker och salt.<br \/>\n<span style=\"color: #ffffff;\">a<\/span><\/li>\n<li>En av de b\u00e4sta saker du kan g\u00f6ra f\u00f6r att minska i vikt och stanna d\u00e4r \u00e4r att undvika h\u00f6gprocessade matvaror s\u00e5 mycket som m\u00f6jligt.<br \/>\n<span style=\"color: #ffffff;\">a<\/span><\/li>\n<li>Om du \u00e4r os\u00e4ker p\u00e5 om du ska k\u00f6pa en viss vara &#8211; titta p\u00e5 inneh\u00e5llsf\u00f6rteckningen innan du best\u00e4mmer dig &#8211; svaret kommer ofta av sig sj\u00e4lvt d\u00e5.<\/li>\n<\/ul>\n","protected":false},"excerpt":{"rendered":"<p>F\u00f6r att g\u00e5 g\u00e5 ner i vikt p\u00e5 vanlig mat s\u00e5 b\u00f6r man p\u00e5 det stora hela h\u00e5lla sig till r\u00e5varor och undvika mat som \u00e4r tillverkad i fabrik. Den enkla anledningen till det ska jag beskriva h\u00e4r. Fabrikstillverkad mat<\/p>\n","protected":false},"author":1,"featured_media":1361,"parent":1495,"menu_order":0,"comment_status":"closed","ping_status":"closed","template":"","meta":{"nf_dc_page":"","om_disable_all_campaigns":false,"footnotes":""},"class_list":["post-1351","page","type-page","status-publish","has-post-thumbnail","hentry"],"jetpack_sharing_enabled":true,"_links":{"self":[{"href":"https:\/\/abrams.nu\/halsa\/wp-json\/wp\/v2\/pages\/1351","targetHints":{"allow":["GET"]}}],"collection":[{"href":"https:\/\/abrams.nu\/halsa\/wp-json\/wp\/v2\/pages"}],"about":[{"href":"https:\/\/abrams.nu\/halsa\/wp-json\/wp\/v2\/types\/page"}],"author":[{"embeddable":true,"href":"https:\/\/abrams.nu\/halsa\/wp-json\/wp\/v2\/users\/1"}],"replies":[{"embeddable":true,"href":"https:\/\/abrams.nu\/halsa\/wp-json\/wp\/v2\/comments?post=1351"}],"version-history":[{"count":6,"href":"https:\/\/abrams.nu\/halsa\/wp-json\/wp\/v2\/pages\/1351\/revisions"}],"predecessor-version":[{"id":1487,"href":"https:\/\/abrams.nu\/halsa\/wp-json\/wp\/v2\/pages\/1351\/revisions\/1487"}],"up":[{"embeddable":true,"href":"https:\/\/abrams.nu\/halsa\/wp-json\/wp\/v2\/pages\/1495"}],"wp:featuredmedia":[{"embeddable":true,"href":"https:\/\/abrams.nu\/halsa\/wp-json\/wp\/v2\/media\/1361"}],"wp:attachment":[{"href":"https:\/\/abrams.nu\/halsa\/wp-json\/wp\/v2\/media?parent=1351"}],"curies":[{"name":"wp","href":"https:\/\/api.w.org\/{rel}","templated":true}]}}